{"id":8763,"date":"2025-10-27T17:59:03","date_gmt":"2025-10-27T17:59:03","guid":{"rendered":"https:\/\/dorschhome.se\/?post_type=product&#038;p=8763"},"modified":"2026-03-29T19:28:54","modified_gmt":"2026-03-29T19:28:54","slug":"pressure-cooker-10-l-steelpro","status":"publish","type":"product","link":"https:\/\/dorschhome.ca\/en\/vare\/pressure-cooker-10-l-steelpro\/","title":{"rendered":"Pressure Cooker \u2013 10 L \u2013 SteelPro"},"content":{"rendered":"<p data-start=\"35\" data-end=\"431\">SteelPro trykkoger p\u00e5 10 liter er skabt til effektiv madlavning i store m\u00e6ngder. Den robuste konstruktion i rustfrit st\u00e5l sikrer lang levetid og j\u00e6vn varmefordeling, mens det avancerede l\u00e5sesystem og trykventil giver maksimal sikkerhed under brug. Perfekt til supper, k\u00f8d og gryderetter, hvor smag og n\u00e6ringsstoffer bevares. Velegnet til alle komfurtyper \u2013 ogs\u00e5 induktion.<\/p>\n<p data-start=\"433\" data-end=\"459\">\n","protected":false},"excerpt":{"rendered":"<article class=\"text-token-text-primary w-full focus:outline-none [--shadow-height:45px] has-data-writing-block:pointer-events-none has-data-writing-block:-mt-(--shadow-height) has-data-writing-block:pt-(--shadow-height) [&amp;:has([data-writing-block])&gt;*]:pointer-events-auto scroll-mt-[calc(var(--header-height)+min(200px,max(70px,20svh)))]\" dir=\"auto\" tabindex=\"-1\" data-turn-id=\"request-68dfefc5-b2f8-832d-bdcd-f9b2e6015ea9-0\" data-testid=\"conversation-turn-464\" data-scroll-anchor=\"true\" data-turn=\"assistant\">\n<div class=\"text-base my-auto mx-auto pb-10 [--thread-content-margin:--spacing(4)] thread-sm:[--thread-content-margin:--spacing(6)] thread-lg:[--thread-content-margin:--spacing(16)] px-(--thread-content-margin)\">\n<div class=\"[--thread-content-max-width:40rem] thread-lg:[--thread-content-max-width:48rem] mx-auto max-w-(--thread-content-max-width) flex-1 group\/turn-messages focus-visible:outline-hidden relative flex w-full min-w-0 flex-col agent-turn\" tabindex=\"-1\">\n<div class=\"flex max-w-full flex-col grow\">\n<div class=\"min-h-8 text-message relative flex w-full flex-col items-end gap-2 text-start break-words whitespace-normal [.text-message+&amp;]:mt-1\" dir=\"auto\" data-message-author-role=\"assistant\" data-message-id=\"93763180-603e-4e7e-85e1-276b42c664f8\" data-message-model-slug=\"gpt-5\">\n<div class=\"flex w-full flex-col gap-1 empty:hidden first:pt-[1px]\">\n<div class=\"markdown prose dark:prose-invert w-full break-words dark markdown-new-styling\">\n<ul data-start=\"460\" data-end=\"684\" data-is-last-node=\"\" data-is-only-node=\"\">\n<li data-start=\"460\" data-end=\"511\">\n<p data-start=\"462\" data-end=\"511\">Kapacitet: 10 liter \u2013 ideel til store portioner<\/p>\n<\/li>\n<li data-start=\"512\" data-end=\"554\">\n<p data-start=\"514\" data-end=\"554\">Fremstillet i slidst\u00e6rkt rustfrit st\u00e5l<\/p>\n<\/li>\n<li data-start=\"555\" data-end=\"600\">\n<p data-start=\"557\" data-end=\"600\">Effektivt l\u00e5sesystem og sikker trykventil<\/p>\n<\/li>\n<li data-start=\"601\" data-end=\"635\">\n<p data-start=\"603\" data-end=\"635\">Bevarer smag og n\u00e6ringsstoffer<\/p>\n<\/li>\n<li data-start=\"636\" data-end=\"684\" data-is-last-node=\"\">\n<p data-start=\"638\" data-end=\"684\" data-is-last-node=\"\">Velegnet til alle komfurtyper \u2013 ogs\u00e5 induktion<\/p>\n<\/li>\n<\/ul>\n<\/div>\n<\/div>\n<\/div>\n<\/div>\n<div class=\"z-0 flex min-h-[46px] justify-start\"><\/div>\n<div class=\"mt-3 w-full empty:hidden\">\n<div class=\"text-center\"><\/div>\n<\/div>\n<\/div>\n<\/div>\n<\/article>\n<div class=\"pointer-events-none h-px w-px\" aria-hidden=\"true\" data-edge=\"true\"><\/div>\n","protected":false},"featured_media":8764,"comment_status":"open","ping_status":"closed","template":"","meta":[],"product_brand":[],"product_cat":[516],"product_tag":[],"woo-feed-brand":[],"class_list":{"0":"post-8763","1":"product","2":"type-product","3":"status-publish","4":"has-post-thumbnail","6":"product_cat-trykkoger-gryder-steelpro","8":"first","9":"instock","10":"taxable","11":"shipping-taxable","12":"purchasable","13":"product-type-simple"},"_links":{"self":[{"href":"https:\/\/dorschhome.ca\/en\/wp-json\/wp\/v2\/product\/8763","targetHints":{"allow":["GET"]}}],"collection":[{"href":"https:\/\/dorschhome.ca\/en\/wp-json\/wp\/v2\/product"}],"about":[{"href":"https:\/\/dorschhome.ca\/en\/wp-json\/wp\/v2\/types\/product"}],"replies":[{"embeddable":true,"href":"https:\/\/dorschhome.ca\/en\/wp-json\/wp\/v2\/comments?post=8763"}],"wp:featuredmedia":[{"embeddable":true,"href":"https:\/\/dorschhome.ca\/en\/wp-json\/wp\/v2\/media\/8764"}],"wp:attachment":[{"href":"https:\/\/dorschhome.ca\/en\/wp-json\/wp\/v2\/media?parent=8763"}],"wp:term":[{"taxonomy":"product_brand","embeddable":true,"href":"https:\/\/dorschhome.ca\/en\/wp-json\/wp\/v2\/product_brand?post=8763"},{"taxonomy":"product_cat","embeddable":true,"href":"https:\/\/dorschhome.ca\/en\/wp-json\/wp\/v2\/product_cat?post=8763"},{"taxonomy":"product_tag","embeddable":true,"href":"https:\/\/dorschhome.ca\/en\/wp-json\/wp\/v2\/product_tag?post=8763"},{"taxonomy":"woo-feed-brand","embeddable":true,"href":"https:\/\/dorschhome.ca\/en\/wp-json\/wp\/v2\/woo-feed-brand?post=8763"}],"curies":[{"name":"wp","href":"https:\/\/api.w.org\/{rel}","templated":true}]}}