{"id":8696,"date":"2025-10-25T14:44:38","date_gmt":"2025-10-25T14:44:38","guid":{"rendered":"https:\/\/dorschhome.se\/?post_type=product&#038;p=8696"},"modified":"2026-03-29T19:36:38","modified_gmt":"2026-03-29T19:36:38","slug":"stainless-steel-stockpot-28-cm-12-l-steelpro","status":"publish","type":"product","link":"https:\/\/dorschhome.ca\/en\/vare\/stainless-steel-stockpot-28-cm-12-l-steelpro\/","title":{"rendered":"Stainless Steel Stockpot \u2013 28 cm \/ 12 L \u2013 SteelPro"},"content":{"rendered":"<p data-start=\"96\" data-end=\"496\">SteelPro Suppegryde i rustfrit st\u00e5l med en diameter p\u00e5 28 cm og en kapacitet p\u00e5 12 liter er ideel til tilberedning af store portioner supper, gryderetter og simreretter. Gryden har en robust konstruktion, der sikrer j\u00e6vn varmefordeling og lang holdbarhed. Den naturlige non-stick funktion g\u00f8r madlavningen nemmere, og grydens design passer til alle komfurtyper \u2013 ogs\u00e5 induktion.<\/p>\n<p data-start=\"498\" data-end=\"524\">\n","protected":false},"excerpt":{"rendered":"<ul>\n<li data-start=\"525\" data-end=\"551\">\n<p data-start=\"527\" data-end=\"551\">Fri for PFAS\/PFOA\/PFTE<\/p>\n<\/li>\n<li data-start=\"552\" data-end=\"588\">\n<p data-start=\"554\" data-end=\"588\">Diameter: 28 cm, kapacitet: 12 L<\/p>\n<\/li>\n<li data-start=\"589\" data-end=\"638\">\n<p data-start=\"591\" data-end=\"638\">Rustfrit st\u00e5l med naturlig non-stick funktion<\/p>\n<\/li>\n<li data-start=\"639\" data-end=\"689\">\n<p data-start=\"641\" data-end=\"689\">Velegnet til alle komfurtyper \u2013 ogs\u00e5 induktion<\/p>\n<\/li>\n<li data-start=\"690\" data-end=\"722\">\n<p data-start=\"692\" data-end=\"722\">Robust og holdbar konstruktion<\/p>\n<\/li>\n<\/ul>\n","protected":false},"featured_media":8697,"comment_status":"open","ping_status":"closed","template":"","meta":[],"product_brand":[],"product_cat":[587],"product_tag":[],"woo-feed-brand":[],"class_list":{"0":"post-8696","1":"product","2":"type-product","3":"status-publish","4":"has-post-thumbnail","6":"product_cat-gryder-steelpro","8":"first","9":"instock","10":"taxable","11":"shipping-taxable","12":"purchasable","13":"product-type-simple"},"_links":{"self":[{"href":"https:\/\/dorschhome.ca\/en\/wp-json\/wp\/v2\/product\/8696","targetHints":{"allow":["GET"]}}],"collection":[{"href":"https:\/\/dorschhome.ca\/en\/wp-json\/wp\/v2\/product"}],"about":[{"href":"https:\/\/dorschhome.ca\/en\/wp-json\/wp\/v2\/types\/product"}],"replies":[{"embeddable":true,"href":"https:\/\/dorschhome.ca\/en\/wp-json\/wp\/v2\/comments?post=8696"}],"wp:featuredmedia":[{"embeddable":true,"href":"https:\/\/dorschhome.ca\/en\/wp-json\/wp\/v2\/media\/8697"}],"wp:attachment":[{"href":"https:\/\/dorschhome.ca\/en\/wp-json\/wp\/v2\/media?parent=8696"}],"wp:term":[{"taxonomy":"product_brand","embeddable":true,"href":"https:\/\/dorschhome.ca\/en\/wp-json\/wp\/v2\/product_brand?post=8696"},{"taxonomy":"product_cat","embeddable":true,"href":"https:\/\/dorschhome.ca\/en\/wp-json\/wp\/v2\/product_cat?post=8696"},{"taxonomy":"product_tag","embeddable":true,"href":"https:\/\/dorschhome.ca\/en\/wp-json\/wp\/v2\/product_tag?post=8696"},{"taxonomy":"woo-feed-brand","embeddable":true,"href":"https:\/\/dorschhome.ca\/en\/wp-json\/wp\/v2\/woo-feed-brand?post=8696"}],"curies":[{"name":"wp","href":"https:\/\/api.w.org\/{rel}","templated":true}]}}