{"id":8689,"date":"2025-10-25T14:28:04","date_gmt":"2025-10-25T14:28:04","guid":{"rendered":"https:\/\/dorschhome.se\/?post_type=product&#038;p=8689"},"modified":"2026-03-29T19:37:30","modified_gmt":"2026-03-29T19:37:30","slug":"stainless-steel-stockpot-24-cm-65-l-steelpro","status":"publish","type":"product","link":"https:\/\/dorschhome.ca\/en\/vare\/stainless-steel-stockpot-24-cm-65-l-steelpro\/","title":{"rendered":"Stainless Steel Stockpot \u2013 24 cm \/ 6,5 L \u2013 Steelpro"},"content":{"rendered":"<p data-start=\"57\" data-end=\"439\">Steelpro Suppegryde i rustfrit st\u00e5l p\u00e5 24 cm med 6,5 liters kapacitet er ideel til tilberedning af st\u00f8rre portioner supper, gryderetter og simreretter. Gryden har en robust konstruktion, der sikrer j\u00e6vn varmefordeling og lang holdbarhed. Den naturlige non-stick funktion g\u00f8r madlavningen nemmere, og grydens design passer til alle komfurtyper \u2013 ogs\u00e5 induktion.<\/p>\n<p data-start=\"441\" data-end=\"467\">\n","protected":false},"excerpt":{"rendered":"<article class=\"text-token-text-primary w-full focus:outline-none [--shadow-height:45px] has-data-writing-block:pointer-events-none has-data-writing-block:-mt-(--shadow-height) has-data-writing-block:pt-(--shadow-height) [&amp;:has([data-writing-block])&gt;*]:pointer-events-auto scroll-mt-[calc(var(--header-height)+min(200px,max(70px,20svh)))]\" dir=\"auto\" tabindex=\"-1\" data-turn-id=\"8dfd493b-0940-48d4-9785-af164260f0ac\" data-testid=\"conversation-turn-440\" data-scroll-anchor=\"true\" data-turn=\"assistant\">\n<div class=\"text-base my-auto mx-auto pb-10 [--thread-content-margin:--spacing(4)] thread-sm:[--thread-content-margin:--spacing(6)] thread-lg:[--thread-content-margin:--spacing(16)] px-(--thread-content-margin)\">\n<div class=\"[--thread-content-max-width:40rem] thread-lg:[--thread-content-max-width:48rem] mx-auto max-w-(--thread-content-max-width) flex-1 group\/turn-messages focus-visible:outline-hidden relative flex w-full min-w-0 flex-col agent-turn\" tabindex=\"-1\">\n<div class=\"flex max-w-full flex-col grow\">\n<div class=\"min-h-8 text-message relative flex w-full flex-col items-end gap-2 text-start break-words whitespace-normal [.text-message+&amp;]:mt-1\" dir=\"auto\" data-message-author-role=\"assistant\" data-message-id=\"fd99f941-d4ef-4c12-a15b-807b0229425b\" data-message-model-slug=\"gpt-5-mini\">\n<div class=\"flex w-full flex-col gap-1 empty:hidden first:pt-[1px]\">\n<div class=\"markdown prose dark:prose-invert w-full break-words dark markdown-new-styling\">\n<ul data-start=\"468\" data-end=\"666\">\n<li data-start=\"468\" data-end=\"494\">\n<p data-start=\"470\" data-end=\"494\">Fri for PFAS\/PFOA\/PFTE<\/p>\n<\/li>\n<li data-start=\"495\" data-end=\"532\">\n<p data-start=\"497\" data-end=\"532\">Diameter: 24 cm, kapacitet: 6,5 L<\/p>\n<\/li>\n<li data-start=\"533\" data-end=\"582\">\n<p data-start=\"535\" data-end=\"582\">Rustfrit st\u00e5l med naturlig non-stick funktion<\/p>\n<\/li>\n<li data-start=\"583\" data-end=\"633\">\n<p data-start=\"585\" data-end=\"633\">Velegnet til alle komfurtyper \u2013 ogs\u00e5 induktion<\/p>\n<\/li>\n<li data-start=\"634\" data-end=\"666\">\n<p data-start=\"636\" data-end=\"666\">Robust og holdbar konstruktion<\/p>\n<\/li>\n<\/ul>\n<\/div>\n<\/div>\n<\/div>\n<\/div>\n<div class=\"z-0 flex min-h-[46px] justify-start\"><\/div>\n<\/div>\n<\/div>\n<\/article>\n<div class=\"pointer-events-none h-px w-px\" aria-hidden=\"true\" data-edge=\"true\"><\/div>\n","protected":false},"featured_media":8690,"comment_status":"open","ping_status":"closed","template":"","meta":[],"product_brand":[],"product_cat":[587],"product_tag":[],"woo-feed-brand":[],"class_list":{"0":"post-8689","1":"product","2":"type-product","3":"status-publish","4":"has-post-thumbnail","6":"product_cat-gryder-steelpro","8":"first","9":"instock","10":"taxable","11":"shipping-taxable","12":"purchasable","13":"product-type-simple"},"_links":{"self":[{"href":"https:\/\/dorschhome.ca\/en\/wp-json\/wp\/v2\/product\/8689","targetHints":{"allow":["GET"]}}],"collection":[{"href":"https:\/\/dorschhome.ca\/en\/wp-json\/wp\/v2\/product"}],"about":[{"href":"https:\/\/dorschhome.ca\/en\/wp-json\/wp\/v2\/types\/product"}],"replies":[{"embeddable":true,"href":"https:\/\/dorschhome.ca\/en\/wp-json\/wp\/v2\/comments?post=8689"}],"wp:featuredmedia":[{"embeddable":true,"href":"https:\/\/dorschhome.ca\/en\/wp-json\/wp\/v2\/media\/8690"}],"wp:attachment":[{"href":"https:\/\/dorschhome.ca\/en\/wp-json\/wp\/v2\/media?parent=8689"}],"wp:term":[{"taxonomy":"product_brand","embeddable":true,"href":"https:\/\/dorschhome.ca\/en\/wp-json\/wp\/v2\/product_brand?post=8689"},{"taxonomy":"product_cat","embeddable":true,"href":"https:\/\/dorschhome.ca\/en\/wp-json\/wp\/v2\/product_cat?post=8689"},{"taxonomy":"product_tag","embeddable":true,"href":"https:\/\/dorschhome.ca\/en\/wp-json\/wp\/v2\/product_tag?post=8689"},{"taxonomy":"woo-feed-brand","embeddable":true,"href":"https:\/\/dorschhome.ca\/en\/wp-json\/wp\/v2\/woo-feed-brand?post=8689"}],"curies":[{"name":"wp","href":"https:\/\/api.w.org\/{rel}","templated":true}]}}