{"id":8663,"date":"2025-10-25T14:02:58","date_gmt":"2025-10-25T14:02:58","guid":{"rendered":"https:\/\/dorschhome.se\/?post_type=product&#038;p=8663"},"modified":"2026-03-29T19:42:35","modified_gmt":"2026-03-29T19:42:35","slug":"round-oven-pan-36-cm-premium","status":"publish","type":"product","link":"https:\/\/dorschhome.ca\/en\/vare\/round-oven-pan-36-cm-premium\/","title":{"rendered":"Round Oven Pan  \u2013 \u00d8 36 cm \u2013 Premium"},"content":{"rendered":"<p data-start=\"44\" data-end=\"463\">Dorsch Premium Rundt Ovnfast Fad p\u00e5 36 cm er ideelt til bagning og gratinering af st\u00f8rre kager, t\u00e6rter, lasagne og gr\u00f8ntsager. Fadet har en robust og holdbar konstruktion, der sikrer j\u00e6vn varmefordeling for ensartede resultater. Den glatte overflade med non-stick bel\u00e6gning g\u00f8r det nemt at frig\u00f8re bagv\u00e6rket og reng\u00f8re fadet, hvilket g\u00f8r det perfekt til b\u00e5de daglig brug og festlige lejligheder.<\/p>\n<p data-start=\"465\" data-end=\"491\">\n","protected":false},"excerpt":{"rendered":"<article class=\"text-token-text-primary w-full focus:outline-none [--shadow-height:45px] has-data-writing-block:pointer-events-none has-data-writing-block:-mt-(--shadow-height) has-data-writing-block:pt-(--shadow-height) [&amp;:has([data-writing-block])&gt;*]:pointer-events-auto scroll-mt-[calc(var(--header-height)+min(200px,max(70px,20svh)))]\" dir=\"auto\" tabindex=\"-1\" data-turn-id=\"request-68dfefc5-b2f8-832d-bdcd-f9b2e6015ea9-52\" data-testid=\"conversation-turn-428\" data-scroll-anchor=\"true\" data-turn=\"assistant\">\n<div class=\"text-base my-auto mx-auto pb-10 [--thread-content-margin:--spacing(4)] thread-sm:[--thread-content-margin:--spacing(6)] thread-lg:[--thread-content-margin:--spacing(16)] px-(--thread-content-margin)\">\n<div class=\"[--thread-content-max-width:40rem] thread-lg:[--thread-content-max-width:48rem] mx-auto max-w-(--thread-content-max-width) flex-1 group\/turn-messages focus-visible:outline-hidden relative flex w-full min-w-0 flex-col agent-turn\" tabindex=\"-1\">\n<div class=\"flex max-w-full flex-col grow\">\n<div class=\"min-h-8 text-message relative flex w-full flex-col items-end gap-2 text-start break-words whitespace-normal [.text-message+&amp;]:mt-1\" dir=\"auto\" data-message-author-role=\"assistant\" data-message-id=\"5a945f41-ea9d-47f5-a340-5fa2e5715260\" data-message-model-slug=\"gpt-5-mini\">\n<div class=\"flex w-full flex-col gap-1 empty:hidden first:pt-[1px]\">\n<div class=\"markdown prose dark:prose-invert w-full break-words dark markdown-new-styling\">\n<ul data-start=\"492\" data-end=\"731\" data-is-last-node=\"\" data-is-only-node=\"\">\n<li data-start=\"492\" data-end=\"560\">\n<p data-start=\"494\" data-end=\"560\">Diameter: 36 cm, perfekt til st\u00f8rre kager, t\u00e6rter og gratinering<\/p>\n<\/li>\n<li data-start=\"561\" data-end=\"595\">\n<p data-start=\"563\" data-end=\"595\">Ovnfast og robust konstruktion<\/p>\n<\/li>\n<li data-start=\"596\" data-end=\"638\">\n<p data-start=\"598\" data-end=\"638\">Non-stick bel\u00e6gning for nem frig\u00f8relse<\/p>\n<\/li>\n<li data-start=\"639\" data-end=\"687\">\n<p data-start=\"641\" data-end=\"687\">J\u00e6vn varmefordeling for ensartede resultater<\/p>\n<\/li>\n<li data-start=\"688\" data-end=\"731\" data-is-last-node=\"\">\n<p data-start=\"690\" data-end=\"731\" data-is-last-node=\"\">Let at reng\u00f8re og holdbar til daglig brug<\/p>\n<\/li>\n<\/ul>\n<\/div>\n<\/div>\n<\/div>\n<\/div>\n<div class=\"z-0 flex min-h-[46px] justify-start\"><\/div>\n<div class=\"mt-3 w-full empty:hidden\">\n<div class=\"text-center\"><\/div>\n<\/div>\n<\/div>\n<\/div>\n<\/article>\n<div class=\"pointer-events-none h-px w-px\" aria-hidden=\"true\" data-edge=\"true\"><\/div>\n","protected":false},"featured_media":8664,"comment_status":"open","ping_status":"closed","template":"","meta":[],"product_brand":[],"product_cat":[556],"product_tag":[],"woo-feed-brand":[],"class_list":{"0":"post-8663","1":"product","2":"type-product","3":"status-publish","4":"has-post-thumbnail","6":"product_cat-premium-ovnfaste-fade-bageartikler","8":"first","9":"instock","10":"taxable","11":"shipping-taxable","12":"purchasable","13":"product-type-simple"},"_links":{"self":[{"href":"https:\/\/dorschhome.ca\/en\/wp-json\/wp\/v2\/product\/8663","targetHints":{"allow":["GET"]}}],"collection":[{"href":"https:\/\/dorschhome.ca\/en\/wp-json\/wp\/v2\/product"}],"about":[{"href":"https:\/\/dorschhome.ca\/en\/wp-json\/wp\/v2\/types\/product"}],"replies":[{"embeddable":true,"href":"https:\/\/dorschhome.ca\/en\/wp-json\/wp\/v2\/comments?post=8663"}],"wp:featuredmedia":[{"embeddable":true,"href":"https:\/\/dorschhome.ca\/en\/wp-json\/wp\/v2\/media\/8664"}],"wp:attachment":[{"href":"https:\/\/dorschhome.ca\/en\/wp-json\/wp\/v2\/media?parent=8663"}],"wp:term":[{"taxonomy":"product_brand","embeddable":true,"href":"https:\/\/dorschhome.ca\/en\/wp-json\/wp\/v2\/product_brand?post=8663"},{"taxonomy":"product_cat","embeddable":true,"href":"https:\/\/dorschhome.ca\/en\/wp-json\/wp\/v2\/product_cat?post=8663"},{"taxonomy":"product_tag","embeddable":true,"href":"https:\/\/dorschhome.ca\/en\/wp-json\/wp\/v2\/product_tag?post=8663"},{"taxonomy":"woo-feed-brand","embeddable":true,"href":"https:\/\/dorschhome.ca\/en\/wp-json\/wp\/v2\/woo-feed-brand?post=8663"}],"curies":[{"name":"wp","href":"https:\/\/api.w.org\/{rel}","templated":true}]}}