{"id":8643,"date":"2025-10-25T13:54:21","date_gmt":"2025-10-25T13:54:21","guid":{"rendered":"https:\/\/dorschhome.se\/?post_type=product&#038;p=8643"},"modified":"2026-03-29T19:44:45","modified_gmt":"2026-03-29T19:44:45","slug":"rectangular-oven-pan-39x28-cm-premium","status":"publish","type":"product","link":"https:\/\/dorschhome.ca\/en\/vare\/rectangular-oven-pan-39x28-cm-premium\/","title":{"rendered":"Rectangular Oven Pan \u2013 39&#215;28 cm \u2013 Premium"},"content":{"rendered":"<p data-start=\"52\" data-end=\"481\">Dorsch Premium Rektangul\u00e6rt Ovnfast Fad p\u00e5 39&#215;28 cm er ideelt til bagning, gratinering og tilberedning af kager, lasagne og gr\u00f8ntsager. Fadet har en robust og holdbar konstruktion, der sikrer j\u00e6vn varmefordeling for perfekte resultater. Den glatte overflade med non-stick bel\u00e6gning g\u00f8r bagv\u00e6rket nemt at frig\u00f8re og reng\u00f8ringen enkel, hvilket g\u00f8r fadet perfekt til b\u00e5de daglig brug og festlige lejligheder.<\/p>\n<p data-start=\"483\" data-end=\"509\">\n","protected":false},"excerpt":{"rendered":"<article class=\"text-token-text-primary w-full focus:outline-none [--shadow-height:45px] has-data-writing-block:pointer-events-none has-data-writing-block:-mt-(--shadow-height) has-data-writing-block:pt-(--shadow-height) [&amp;:has([data-writing-block])&gt;*]:pointer-events-auto scroll-mt-[calc(var(--header-height)+min(200px,max(70px,20svh)))]\" dir=\"auto\" tabindex=\"-1\" data-turn-id=\"request-68dfefc5-b2f8-832d-bdcd-f9b2e6015ea9-48\" data-testid=\"conversation-turn-420\" data-scroll-anchor=\"true\" data-turn=\"assistant\">\n<div class=\"text-base my-auto mx-auto pb-10 [--thread-content-margin:--spacing(4)] thread-sm:[--thread-content-margin:--spacing(6)] thread-lg:[--thread-content-margin:--spacing(16)] px-(--thread-content-margin)\">\n<div class=\"[--thread-content-max-width:40rem] thread-lg:[--thread-content-max-width:48rem] mx-auto max-w-(--thread-content-max-width) flex-1 group\/turn-messages focus-visible:outline-hidden relative flex w-full min-w-0 flex-col agent-turn\" tabindex=\"-1\">\n<div class=\"flex max-w-full flex-col grow\">\n<div class=\"min-h-8 text-message relative flex w-full flex-col items-end gap-2 text-start break-words whitespace-normal [.text-message+&amp;]:mt-1\" dir=\"auto\" data-message-author-role=\"assistant\" data-message-id=\"2827e903-ed48-49f6-8a97-3f84f07b50f6\" data-message-model-slug=\"gpt-5-mini\">\n<div class=\"flex w-full flex-col gap-1 empty:hidden first:pt-[1px]\">\n<div class=\"markdown prose dark:prose-invert w-full break-words dark markdown-new-styling\">\n<ul data-start=\"510\" data-end=\"740\" data-is-last-node=\"\" data-is-only-node=\"\">\n<li data-start=\"510\" data-end=\"570\">\n<p data-start=\"512\" data-end=\"570\">M\u00e5l: 39&#215;28 cm, perfekt til kager, lasagne og gratinering<\/p>\n<\/li>\n<li data-start=\"571\" data-end=\"605\">\n<p data-start=\"573\" data-end=\"605\">Ovnfast og robust konstruktion<\/p>\n<\/li>\n<li data-start=\"606\" data-end=\"648\">\n<p data-start=\"608\" data-end=\"648\">Non-stick bel\u00e6gning for nem frig\u00f8relse<\/p>\n<\/li>\n<li data-start=\"649\" data-end=\"696\">\n<p data-start=\"651\" data-end=\"696\">J\u00e6vn varmefordeling for optimale resultater<\/p>\n<\/li>\n<li data-start=\"697\" data-end=\"740\" data-is-last-node=\"\">\n<p data-start=\"699\" data-end=\"740\" data-is-last-node=\"\">Let at reng\u00f8re og holdbar til daglig brug<\/p>\n<\/li>\n<\/ul>\n<\/div>\n<\/div>\n<\/div>\n<\/div>\n<div class=\"z-0 flex min-h-[46px] justify-start\"><\/div>\n<div class=\"mt-3 w-full empty:hidden\">\n<div class=\"text-center\"><\/div>\n<\/div>\n<\/div>\n<\/div>\n<\/article>\n<div class=\"pointer-events-none h-px w-px\" aria-hidden=\"true\" data-edge=\"true\"><\/div>\n","protected":false},"featured_media":8644,"comment_status":"open","ping_status":"closed","template":"","meta":[],"product_brand":[],"product_cat":[556],"product_tag":[],"woo-feed-brand":[],"class_list":{"0":"post-8643","1":"product","2":"type-product","3":"status-publish","4":"has-post-thumbnail","6":"product_cat-premium-ovnfaste-fade-bageartikler","8":"first","9":"instock","10":"taxable","11":"shipping-taxable","12":"purchasable","13":"product-type-simple"},"_links":{"self":[{"href":"https:\/\/dorschhome.ca\/en\/wp-json\/wp\/v2\/product\/8643","targetHints":{"allow":["GET"]}}],"collection":[{"href":"https:\/\/dorschhome.ca\/en\/wp-json\/wp\/v2\/product"}],"about":[{"href":"https:\/\/dorschhome.ca\/en\/wp-json\/wp\/v2\/types\/product"}],"replies":[{"embeddable":true,"href":"https:\/\/dorschhome.ca\/en\/wp-json\/wp\/v2\/comments?post=8643"}],"wp:featuredmedia":[{"embeddable":true,"href":"https:\/\/dorschhome.ca\/en\/wp-json\/wp\/v2\/media\/8644"}],"wp:attachment":[{"href":"https:\/\/dorschhome.ca\/en\/wp-json\/wp\/v2\/media?parent=8643"}],"wp:term":[{"taxonomy":"product_brand","embeddable":true,"href":"https:\/\/dorschhome.ca\/en\/wp-json\/wp\/v2\/product_brand?post=8643"},{"taxonomy":"product_cat","embeddable":true,"href":"https:\/\/dorschhome.ca\/en\/wp-json\/wp\/v2\/product_cat?post=8643"},{"taxonomy":"product_tag","embeddable":true,"href":"https:\/\/dorschhome.ca\/en\/wp-json\/wp\/v2\/product_tag?post=8643"},{"taxonomy":"woo-feed-brand","embeddable":true,"href":"https:\/\/dorschhome.ca\/en\/wp-json\/wp\/v2\/woo-feed-brand?post=8643"}],"curies":[{"name":"wp","href":"https:\/\/api.w.org\/{rel}","templated":true}]}}