{"id":8619,"date":"2025-10-25T13:33:54","date_gmt":"2025-10-25T13:33:54","guid":{"rendered":"https:\/\/dorschhome.se\/?post_type=product&#038;p=8619"},"modified":"2026-03-29T19:48:31","modified_gmt":"2026-03-29T19:48:31","slug":"round-oven-pan-o-40-cm-lifetime","status":"publish","type":"product","link":"https:\/\/dorschhome.ca\/en\/vare\/round-oven-pan-o-40-cm-lifetime\/","title":{"rendered":"Round Oven Pan- \u00d8 40 cm &#8211; Lifetime"},"content":{"rendered":"<p data-start=\"34\" data-end=\"365\">Dorsch Rundt Ovnfast Fad p\u00e5 40 cm er perfekt til bagning og gratinering af store kager, t\u00e6rter, lasagne og gr\u00f8ntsager. Fadet er ovnfast og har en robust konstruktion, der sikrer j\u00e6vn varmefordeling. Den glatte overflade g\u00f8r reng\u00f8ringen nem, og fadet er holdbart til b\u00e5de daglig brug og festlige lejligheder.<\/p>\n<p data-start=\"367\" data-end=\"393\">\n","protected":false},"excerpt":{"rendered":"<article class=\"text-token-text-primary w-full focus:outline-none [--shadow-height:45px] has-data-writing-block:pointer-events-none has-data-writing-block:-mt-(--shadow-height) has-data-writing-block:pt-(--shadow-height) [&amp;:has([data-writing-block])&gt;*]:pointer-events-auto scroll-mt-[calc(var(--header-height)+min(200px,max(70px,20svh)))]\" dir=\"auto\" tabindex=\"-1\" data-turn-id=\"request-68dfefc5-b2f8-832d-bdcd-f9b2e6015ea9-41\" data-testid=\"conversation-turn-406\" data-scroll-anchor=\"true\" data-turn=\"assistant\">\n<div class=\"text-base my-auto mx-auto pb-10 [--thread-content-margin:--spacing(4)] thread-sm:[--thread-content-margin:--spacing(6)] thread-lg:[--thread-content-margin:--spacing(16)] px-(--thread-content-margin)\">\n<div class=\"[--thread-content-max-width:40rem] thread-lg:[--thread-content-max-width:48rem] mx-auto max-w-(--thread-content-max-width) flex-1 group\/turn-messages focus-visible:outline-hidden relative flex w-full min-w-0 flex-col agent-turn\" tabindex=\"-1\">\n<div class=\"flex max-w-full flex-col grow\">\n<div class=\"min-h-8 text-message relative flex w-full flex-col items-end gap-2 text-start break-words whitespace-normal [.text-message+&amp;]:mt-1\" dir=\"auto\" data-message-author-role=\"assistant\" data-message-id=\"1b63a870-ea33-48cc-9985-155128ca41bc\" data-message-model-slug=\"gpt-5-mini\">\n<div class=\"flex w-full flex-col gap-1 empty:hidden first:pt-[1px]\">\n<div class=\"markdown prose dark:prose-invert w-full break-words dark markdown-new-styling\">\n<ul data-start=\"394\" data-end=\"623\" data-is-last-node=\"\" data-is-only-node=\"\">\n<li data-start=\"394\" data-end=\"459\">\n<p data-start=\"396\" data-end=\"459\">Diameter: 40 cm, ideel til store kager, t\u00e6rter og gratinering<\/p>\n<\/li>\n<li data-start=\"460\" data-end=\"494\">\n<p data-start=\"462\" data-end=\"494\">Ovnfast og robust konstruktion<\/p>\n<\/li>\n<li data-start=\"495\" data-end=\"542\">\n<p data-start=\"497\" data-end=\"542\">J\u00e6vn varmefordeling for optimale resultater<\/p>\n<\/li>\n<li data-start=\"543\" data-end=\"561\">\n<p data-start=\"545\" data-end=\"561\">Let at reng\u00f8re<\/p>\n<\/li>\n<li data-start=\"562\" data-end=\"623\" data-is-last-node=\"\">\n<p data-start=\"564\" data-end=\"623\" data-is-last-node=\"\">Holdbar og velegnet til daglig brug og festlige lejligheder<\/p>\n<\/li>\n<\/ul>\n<\/div>\n<\/div>\n<\/div>\n<\/div>\n<div class=\"z-0 flex min-h-[46px] justify-start\"><\/div>\n<div class=\"mt-3 w-full empty:hidden\">\n<div class=\"text-center\"><\/div>\n<\/div>\n<\/div>\n<\/div>\n<\/article>\n<div class=\"pointer-events-none h-px w-px\" aria-hidden=\"true\" data-edge=\"true\"><\/div>\n","protected":false},"featured_media":8620,"comment_status":"open","ping_status":"closed","template":"","meta":[],"product_brand":[],"product_cat":[555],"product_tag":[],"woo-feed-brand":[],"class_list":{"0":"post-8619","1":"product","2":"type-product","3":"status-publish","4":"has-post-thumbnail","6":"product_cat-lifetime-ovnfaste-fade-bageartikler","8":"first","9":"instock","10":"taxable","11":"shipping-taxable","12":"purchasable","13":"product-type-simple"},"_links":{"self":[{"href":"https:\/\/dorschhome.ca\/en\/wp-json\/wp\/v2\/product\/8619","targetHints":{"allow":["GET"]}}],"collection":[{"href":"https:\/\/dorschhome.ca\/en\/wp-json\/wp\/v2\/product"}],"about":[{"href":"https:\/\/dorschhome.ca\/en\/wp-json\/wp\/v2\/types\/product"}],"replies":[{"embeddable":true,"href":"https:\/\/dorschhome.ca\/en\/wp-json\/wp\/v2\/comments?post=8619"}],"wp:featuredmedia":[{"embeddable":true,"href":"https:\/\/dorschhome.ca\/en\/wp-json\/wp\/v2\/media\/8620"}],"wp:attachment":[{"href":"https:\/\/dorschhome.ca\/en\/wp-json\/wp\/v2\/media?parent=8619"}],"wp:term":[{"taxonomy":"product_brand","embeddable":true,"href":"https:\/\/dorschhome.ca\/en\/wp-json\/wp\/v2\/product_brand?post=8619"},{"taxonomy":"product_cat","embeddable":true,"href":"https:\/\/dorschhome.ca\/en\/wp-json\/wp\/v2\/product_cat?post=8619"},{"taxonomy":"product_tag","embeddable":true,"href":"https:\/\/dorschhome.ca\/en\/wp-json\/wp\/v2\/product_tag?post=8619"},{"taxonomy":"woo-feed-brand","embeddable":true,"href":"https:\/\/dorschhome.ca\/en\/wp-json\/wp\/v2\/woo-feed-brand?post=8619"}],"curies":[{"name":"wp","href":"https:\/\/api.w.org\/{rel}","templated":true}]}}