{"id":8607,"date":"2025-10-25T13:29:10","date_gmt":"2025-10-25T13:29:10","guid":{"rendered":"https:\/\/dorschhome.se\/?post_type=product&#038;p=8607"},"modified":"2026-03-29T19:49:56","modified_gmt":"2026-03-29T19:49:56","slug":"round-oven-pan-32-cm","status":"publish","type":"product","link":"https:\/\/dorschhome.ca\/en\/vare\/round-oven-pan-32-cm\/","title":{"rendered":"Round Oven Pan &#8211; \u00d8 32 cm &#8211; Lifetime"},"content":{"rendered":"<p data-start=\"34\" data-end=\"358\">Dorsch Rundt Ovnfast Fad p\u00e5 32 cm er ideelt til bagning og gratinering af kager, t\u00e6rter, lasagne og gr\u00f8ntsager. Fadet er ovnfast og har en robust konstruktion, der sikrer j\u00e6vn varmefordeling. Den glatte overflade g\u00f8r reng\u00f8ringen nem, og fadet er holdbart til b\u00e5de daglig brug og festlige lejligheder.<\/p>\n<p data-start=\"360\" data-end=\"386\">\n","protected":false},"excerpt":{"rendered":"<ul>\n<li data-start=\"387\" data-end=\"448\">\n<p data-start=\"389\" data-end=\"448\">Diameter: 32 cm, perfekt til kager, t\u00e6rter og gratinering<\/p>\n<\/li>\n<li data-start=\"449\" data-end=\"483\">\n<p data-start=\"451\" data-end=\"483\">Ovnfast og robust konstruktion<\/p>\n<\/li>\n<li data-start=\"484\" data-end=\"531\">\n<p data-start=\"486\" data-end=\"531\">J\u00e6vn varmefordeling for optimale resultater<\/p>\n<\/li>\n<li data-start=\"532\" data-end=\"550\">\n<p data-start=\"534\" data-end=\"550\">Let at reng\u00f8re<\/p>\n<\/li>\n<li data-start=\"551\" data-end=\"612\" data-is-last-node=\"\">\n<p data-start=\"553\" data-end=\"612\" data-is-last-node=\"\">Holdbar og velegnet til daglig brug og festlige lejligheder<\/p>\n<\/li>\n<\/ul>\n","protected":false},"featured_media":8608,"comment_status":"open","ping_status":"closed","template":"","meta":[],"product_brand":[],"product_cat":[555],"product_tag":[],"woo-feed-brand":[],"class_list":{"0":"post-8607","1":"product","2":"type-product","3":"status-publish","4":"has-post-thumbnail","6":"product_cat-lifetime-ovnfaste-fade-bageartikler","8":"first","9":"instock","10":"taxable","11":"shipping-taxable","12":"purchasable","13":"product-type-simple"},"_links":{"self":[{"href":"https:\/\/dorschhome.ca\/en\/wp-json\/wp\/v2\/product\/8607","targetHints":{"allow":["GET"]}}],"collection":[{"href":"https:\/\/dorschhome.ca\/en\/wp-json\/wp\/v2\/product"}],"about":[{"href":"https:\/\/dorschhome.ca\/en\/wp-json\/wp\/v2\/types\/product"}],"replies":[{"embeddable":true,"href":"https:\/\/dorschhome.ca\/en\/wp-json\/wp\/v2\/comments?post=8607"}],"wp:featuredmedia":[{"embeddable":true,"href":"https:\/\/dorschhome.ca\/en\/wp-json\/wp\/v2\/media\/8608"}],"wp:attachment":[{"href":"https:\/\/dorschhome.ca\/en\/wp-json\/wp\/v2\/media?parent=8607"}],"wp:term":[{"taxonomy":"product_brand","embeddable":true,"href":"https:\/\/dorschhome.ca\/en\/wp-json\/wp\/v2\/product_brand?post=8607"},{"taxonomy":"product_cat","embeddable":true,"href":"https:\/\/dorschhome.ca\/en\/wp-json\/wp\/v2\/product_cat?post=8607"},{"taxonomy":"product_tag","embeddable":true,"href":"https:\/\/dorschhome.ca\/en\/wp-json\/wp\/v2\/product_tag?post=8607"},{"taxonomy":"woo-feed-brand","embeddable":true,"href":"https:\/\/dorschhome.ca\/en\/wp-json\/wp\/v2\/woo-feed-brand?post=8607"}],"curies":[{"name":"wp","href":"https:\/\/api.w.org\/{rel}","templated":true}]}}