{"id":8588,"date":"2025-10-25T13:19:37","date_gmt":"2025-10-25T13:19:37","guid":{"rendered":"https:\/\/dorschhome.se\/?post_type=product&#038;p=8588"},"modified":"2026-03-29T19:51:52","modified_gmt":"2026-03-29T19:51:52","slug":"rectangular-oven-pan-36x24-cm","status":"publish","type":"product","link":"https:\/\/dorschhome.ca\/en\/vare\/rectangular-oven-pan-36x24-cm\/","title":{"rendered":"Rectangular Oven Pan \u2013 36&#215;24 cm &#8211; Lifetime"},"content":{"rendered":"<p data-start=\"42\" data-end=\"377\">Dorsch Rektangul\u00e6rt Ovnfast Fad p\u00e5 36&#215;24 cm er ideelt til bagning og gratinering af lasagne, kager, gr\u00f8ntsager og andre retter. Fadet er ovnfast og har en robust konstruktion, der sikrer j\u00e6vn varmefordeling. Den glatte overflade g\u00f8r reng\u00f8ringen nem, og fadet er holdbart til daglig brug og festlige lejligheder.<\/p>\n<p data-start=\"379\" data-end=\"405\">\n","protected":false},"excerpt":{"rendered":"<article class=\"text-token-text-primary w-full focus:outline-none [--shadow-height:45px] has-data-writing-block:pointer-events-none has-data-writing-block:-mt-(--shadow-height) has-data-writing-block:pt-(--shadow-height) [&amp;:has([data-writing-block])&gt;*]:pointer-events-auto scroll-mt-[calc(var(--header-height)+min(200px,max(70px,20svh)))]\" dir=\"auto\" tabindex=\"-1\" data-turn-id=\"request-68dfefc5-b2f8-832d-bdcd-f9b2e6015ea9-35\" data-testid=\"conversation-turn-394\" data-scroll-anchor=\"true\" data-turn=\"assistant\">\n<div class=\"text-base my-auto mx-auto pb-10 [--thread-content-margin:--spacing(4)] thread-sm:[--thread-content-margin:--spacing(6)] thread-lg:[--thread-content-margin:--spacing(16)] px-(--thread-content-margin)\">\n<div class=\"[--thread-content-max-width:40rem] thread-lg:[--thread-content-max-width:48rem] mx-auto max-w-(--thread-content-max-width) flex-1 group\/turn-messages focus-visible:outline-hidden relative flex w-full min-w-0 flex-col agent-turn\" tabindex=\"-1\">\n<div class=\"flex max-w-full flex-col grow\">\n<div class=\"min-h-8 text-message relative flex w-full flex-col items-end gap-2 text-start break-words whitespace-normal [.text-message+&amp;]:mt-1\" dir=\"auto\" data-message-author-role=\"assistant\" data-message-id=\"0aaa56c6-e5db-4181-9dca-3b83ca42b89d\" data-message-model-slug=\"gpt-5-mini\">\n<div class=\"flex w-full flex-col gap-1 empty:hidden first:pt-[1px]\">\n<div class=\"markdown prose dark:prose-invert w-full break-words dark markdown-new-styling\">\n<ul data-start=\"406\" data-end=\"630\" data-is-last-node=\"\" data-is-only-node=\"\">\n<li data-start=\"406\" data-end=\"466\">\n<p data-start=\"408\" data-end=\"466\">M\u00e5l: 36&#215;24 cm, perfekt til lasagne, kager og gratinering<\/p>\n<\/li>\n<li data-start=\"467\" data-end=\"501\">\n<p data-start=\"469\" data-end=\"501\">Ovnfast og robust konstruktion<\/p>\n<\/li>\n<li data-start=\"502\" data-end=\"549\">\n<p data-start=\"504\" data-end=\"549\">J\u00e6vn varmefordeling for optimale resultater<\/p>\n<\/li>\n<li data-start=\"550\" data-end=\"568\">\n<p data-start=\"552\" data-end=\"568\">Let at reng\u00f8re<\/p>\n<\/li>\n<li data-start=\"569\" data-end=\"630\" data-is-last-node=\"\">\n<p data-start=\"571\" data-end=\"630\" data-is-last-node=\"\">Holdbar og velegnet til daglig brug og festlige lejligheder<\/p>\n<\/li>\n<\/ul>\n<\/div>\n<\/div>\n<\/div>\n<\/div>\n<div class=\"z-0 flex min-h-[46px] justify-start\"><\/div>\n<div class=\"mt-3 w-full empty:hidden\">\n<div class=\"text-center\"><\/div>\n<\/div>\n<\/div>\n<\/div>\n<\/article>\n<div class=\"pointer-events-none h-px w-px\" aria-hidden=\"true\" data-edge=\"true\"><\/div>\n","protected":false},"featured_media":8589,"comment_status":"open","ping_status":"closed","template":"","meta":[],"product_brand":[],"product_cat":[555],"product_tag":[],"woo-feed-brand":[],"class_list":{"0":"post-8588","1":"product","2":"type-product","3":"status-publish","4":"has-post-thumbnail","6":"product_cat-lifetime-ovnfaste-fade-bageartikler","8":"first","9":"instock","10":"taxable","11":"shipping-taxable","12":"purchasable","13":"product-type-simple"},"_links":{"self":[{"href":"https:\/\/dorschhome.ca\/en\/wp-json\/wp\/v2\/product\/8588","targetHints":{"allow":["GET"]}}],"collection":[{"href":"https:\/\/dorschhome.ca\/en\/wp-json\/wp\/v2\/product"}],"about":[{"href":"https:\/\/dorschhome.ca\/en\/wp-json\/wp\/v2\/types\/product"}],"replies":[{"embeddable":true,"href":"https:\/\/dorschhome.ca\/en\/wp-json\/wp\/v2\/comments?post=8588"}],"wp:featuredmedia":[{"embeddable":true,"href":"https:\/\/dorschhome.ca\/en\/wp-json\/wp\/v2\/media\/8589"}],"wp:attachment":[{"href":"https:\/\/dorschhome.ca\/en\/wp-json\/wp\/v2\/media?parent=8588"}],"wp:term":[{"taxonomy":"product_brand","embeddable":true,"href":"https:\/\/dorschhome.ca\/en\/wp-json\/wp\/v2\/product_brand?post=8588"},{"taxonomy":"product_cat","embeddable":true,"href":"https:\/\/dorschhome.ca\/en\/wp-json\/wp\/v2\/product_cat?post=8588"},{"taxonomy":"product_tag","embeddable":true,"href":"https:\/\/dorschhome.ca\/en\/wp-json\/wp\/v2\/product_tag?post=8588"},{"taxonomy":"woo-feed-brand","embeddable":true,"href":"https:\/\/dorschhome.ca\/en\/wp-json\/wp\/v2\/woo-feed-brand?post=8588"}],"curies":[{"name":"wp","href":"https:\/\/api.w.org\/{rel}","templated":true}]}}