{"id":8486,"date":"2025-10-25T11:34:50","date_gmt":"2025-10-25T11:34:50","guid":{"rendered":"https:\/\/dorschhome.se\/?post_type=product&#038;p=8486"},"modified":"2026-03-29T20:10:16","modified_gmt":"2026-03-29T20:10:16","slug":"bundt-pan-26-cm-2","status":"publish","type":"product","link":"https:\/\/dorschhome.ca\/en\/vare\/bundt-pan-26-cm-2\/","title":{"rendered":"Bundt Pan \u2013 26 cm"},"content":{"rendered":"<p data-start=\"24\" data-end=\"367\">Dorsch Randform p\u00e5 26 cm er perfekt til bagning af t\u00e6rter, quicher og kager med h\u00f8j kant. Formen har en non-stick bel\u00e6gning, der sikrer nem frig\u00f8relse af bagv\u00e6rket og nem reng\u00f8ring. Den solide konstruktion giver j\u00e6vn varmefordeling og lang holdbarhed, hvilket g\u00f8r den ideel til b\u00e5de daglig brug og festlige lejligheder.<\/p>\n<p data-start=\"369\" data-end=\"395\">\n","protected":false},"excerpt":{"rendered":"<ul>\n<li data-start=\"396\" data-end=\"444\">\n<p data-start=\"398\" data-end=\"444\">Diameter: 26 cm, ideel til t\u00e6rter og quicher<\/p>\n<\/li>\n<li data-start=\"445\" data-end=\"487\">\n<p data-start=\"447\" data-end=\"487\">Non-stick bel\u00e6gning for nem frig\u00f8relse<\/p>\n<\/li>\n<li data-start=\"488\" data-end=\"511\">\n<p data-start=\"490\" data-end=\"511\">J\u00e6vn varmefordeling<\/p>\n<\/li>\n<li data-start=\"512\" data-end=\"546\">\n<p data-start=\"514\" data-end=\"546\">Robust og holdbar konstruktion<\/p>\n<\/li>\n<li data-start=\"547\" data-end=\"574\" data-is-last-node=\"\">\n<p data-start=\"549\" data-end=\"574\" data-is-last-node=\"\">Let at reng\u00f8re og anvende<\/p>\n<\/li>\n<\/ul>\n","protected":false},"featured_media":8487,"comment_status":"open","ping_status":"closed","template":"","meta":[],"product_brand":[],"product_cat":[582],"product_tag":[],"woo-feed-brand":[],"class_list":{"0":"post-8486","1":"product","2":"type-product","3":"status-publish","4":"has-post-thumbnail","6":"product_cat-bundt-pans-cakes","8":"first","9":"instock","10":"taxable","11":"shipping-taxable","12":"purchasable","13":"product-type-simple"},"_links":{"self":[{"href":"https:\/\/dorschhome.ca\/en\/wp-json\/wp\/v2\/product\/8486","targetHints":{"allow":["GET"]}}],"collection":[{"href":"https:\/\/dorschhome.ca\/en\/wp-json\/wp\/v2\/product"}],"about":[{"href":"https:\/\/dorschhome.ca\/en\/wp-json\/wp\/v2\/types\/product"}],"replies":[{"embeddable":true,"href":"https:\/\/dorschhome.ca\/en\/wp-json\/wp\/v2\/comments?post=8486"}],"wp:featuredmedia":[{"embeddable":true,"href":"https:\/\/dorschhome.ca\/en\/wp-json\/wp\/v2\/media\/8487"}],"wp:attachment":[{"href":"https:\/\/dorschhome.ca\/en\/wp-json\/wp\/v2\/media?parent=8486"}],"wp:term":[{"taxonomy":"product_brand","embeddable":true,"href":"https:\/\/dorschhome.ca\/en\/wp-json\/wp\/v2\/product_brand?post=8486"},{"taxonomy":"product_cat","embeddable":true,"href":"https:\/\/dorschhome.ca\/en\/wp-json\/wp\/v2\/product_cat?post=8486"},{"taxonomy":"product_tag","embeddable":true,"href":"https:\/\/dorschhome.ca\/en\/wp-json\/wp\/v2\/product_tag?post=8486"},{"taxonomy":"woo-feed-brand","embeddable":true,"href":"https:\/\/dorschhome.ca\/en\/wp-json\/wp\/v2\/woo-feed-brand?post=8486"}],"curies":[{"name":"wp","href":"https:\/\/api.w.org\/{rel}","templated":true}]}}