{"id":8471,"date":"2025-10-25T11:21:08","date_gmt":"2025-10-25T11:21:08","guid":{"rendered":"https:\/\/dorschhome.se\/?post_type=product&#038;p=8471"},"modified":"2026-03-29T20:11:50","modified_gmt":"2026-03-29T20:11:50","slug":"cookies-baking-sheet-46x29-cm","status":"publish","type":"product","link":"https:\/\/dorschhome.ca\/en\/vare\/cookies-baking-sheet-46x29-cm\/","title":{"rendered":"Cookies Baking Sheet \u2013 46&#215;29 cm"},"content":{"rendered":"<p data-start=\"36\" data-end=\"355\">Dorsch Cookies Bageplade p\u00e5 46&#215;29 cm giver ekstra plads til bagning af sm\u00e5kager, t\u00e6rter og andre l\u00e6kkerier. Den slidst\u00e6rke non-stick bel\u00e6gning sikrer nem frig\u00f8relse og hurtig reng\u00f8ring, mens den j\u00e6vne varmefordeling giver perfekte resultater hver gang. Ideel til b\u00e5de store og sm\u00e5 bageprojekter.<\/p>\n<p data-start=\"357\" data-end=\"383\">\n","protected":false},"excerpt":{"rendered":"<article class=\"text-token-text-primary w-full focus:outline-none [--shadow-height:45px] has-data-writing-block:pointer-events-none has-data-writing-block:-mt-(--shadow-height) has-data-writing-block:pt-(--shadow-height) [&amp;:has([data-writing-block])&gt;*]:pointer-events-auto scroll-mt-[calc(var(--header-height)+min(200px,max(70px,20svh)))]\" dir=\"auto\" tabindex=\"-1\" data-turn-id=\"request-68dfefc5-b2f8-832d-bdcd-f9b2e6015ea9-9\" data-testid=\"conversation-turn-342\" data-scroll-anchor=\"true\" data-turn=\"assistant\">\n<div class=\"text-base my-auto mx-auto pb-10 [--thread-content-margin:--spacing(4)] thread-sm:[--thread-content-margin:--spacing(6)] thread-lg:[--thread-content-margin:--spacing(16)] px-(--thread-content-margin)\">\n<div class=\"[--thread-content-max-width:40rem] thread-lg:[--thread-content-max-width:48rem] mx-auto max-w-(--thread-content-max-width) flex-1 group\/turn-messages focus-visible:outline-hidden relative flex w-full min-w-0 flex-col agent-turn\" tabindex=\"-1\">\n<div class=\"flex max-w-full flex-col grow\">\n<div class=\"min-h-8 text-message relative flex w-full flex-col items-end gap-2 text-start break-words whitespace-normal [.text-message+&amp;]:mt-1\" dir=\"auto\" data-message-author-role=\"assistant\" data-message-id=\"a6f8e7ee-900c-4590-9cf5-abfce3583ec2\" data-message-model-slug=\"gpt-5\">\n<div class=\"flex w-full flex-col gap-1 empty:hidden first:pt-[1px]\">\n<div class=\"markdown prose dark:prose-invert w-full break-words dark markdown-new-styling\">\n<ul data-start=\"384\" data-end=\"590\" data-is-last-node=\"\" data-is-only-node=\"\">\n<li data-start=\"384\" data-end=\"425\">\n<p data-start=\"386\" data-end=\"425\">M\u00e5l: 46&#215;29 cm, giver ekstra bageplads<\/p>\n<\/li>\n<li data-start=\"426\" data-end=\"467\">\n<p data-start=\"428\" data-end=\"467\">Non-stick bel\u00e6gning for nem reng\u00f8ring<\/p>\n<\/li>\n<li data-start=\"468\" data-end=\"515\">\n<p data-start=\"470\" data-end=\"515\">J\u00e6vn varmefordeling for perfekte resultater<\/p>\n<\/li>\n<li data-start=\"516\" data-end=\"550\">\n<p data-start=\"518\" data-end=\"550\">Robust og holdbar konstruktion<\/p>\n<\/li>\n<li data-start=\"551\" data-end=\"590\" data-is-last-node=\"\">\n<p data-start=\"553\" data-end=\"590\" data-is-last-node=\"\">Ideel til sm\u00e5kager, t\u00e6rter og bagv\u00e6rk<\/p>\n<\/li>\n<\/ul>\n<\/div>\n<\/div>\n<\/div>\n<\/div>\n<div class=\"z-0 flex min-h-[46px] justify-start\"><\/div>\n<div class=\"mt-3 w-full empty:hidden\">\n<div class=\"text-center\"><\/div>\n<\/div>\n<\/div>\n<\/div>\n<\/article>\n<div class=\"pointer-events-none h-px w-px\" aria-hidden=\"true\" data-edge=\"true\"><\/div>\n","protected":false},"featured_media":8472,"comment_status":"open","ping_status":"closed","template":"","meta":[],"product_brand":[],"product_cat":[559],"product_tag":[],"woo-feed-brand":[],"class_list":{"0":"post-8471","1":"product","2":"type-product","3":"status-publish","4":"has-post-thumbnail","6":"product_cat-baking-trays","8":"first","9":"instock","10":"taxable","11":"shipping-taxable","12":"purchasable","13":"product-type-simple"},"_links":{"self":[{"href":"https:\/\/dorschhome.ca\/en\/wp-json\/wp\/v2\/product\/8471","targetHints":{"allow":["GET"]}}],"collection":[{"href":"https:\/\/dorschhome.ca\/en\/wp-json\/wp\/v2\/product"}],"about":[{"href":"https:\/\/dorschhome.ca\/en\/wp-json\/wp\/v2\/types\/product"}],"replies":[{"embeddable":true,"href":"https:\/\/dorschhome.ca\/en\/wp-json\/wp\/v2\/comments?post=8471"}],"wp:featuredmedia":[{"embeddable":true,"href":"https:\/\/dorschhome.ca\/en\/wp-json\/wp\/v2\/media\/8472"}],"wp:attachment":[{"href":"https:\/\/dorschhome.ca\/en\/wp-json\/wp\/v2\/media?parent=8471"}],"wp:term":[{"taxonomy":"product_brand","embeddable":true,"href":"https:\/\/dorschhome.ca\/en\/wp-json\/wp\/v2\/product_brand?post=8471"},{"taxonomy":"product_cat","embeddable":true,"href":"https:\/\/dorschhome.ca\/en\/wp-json\/wp\/v2\/product_cat?post=8471"},{"taxonomy":"product_tag","embeddable":true,"href":"https:\/\/dorschhome.ca\/en\/wp-json\/wp\/v2\/product_tag?post=8471"},{"taxonomy":"woo-feed-brand","embeddable":true,"href":"https:\/\/dorschhome.ca\/en\/wp-json\/wp\/v2\/woo-feed-brand?post=8471"}],"curies":[{"name":"wp","href":"https:\/\/api.w.org\/{rel}","templated":true}]}}