{"id":8459,"date":"2025-10-25T11:00:19","date_gmt":"2025-10-25T11:00:19","guid":{"rendered":"https:\/\/dorschhome.se\/?post_type=product&#038;p=8459"},"modified":"2026-03-29T20:12:30","modified_gmt":"2026-03-29T20:12:30","slug":"springform-oe-28-cm","status":"publish","type":"product","link":"https:\/\/dorschhome.ca\/en\/vare\/springform-oe-28-cm\/","title":{"rendered":"Springform \u2013 \u00d8 28 cm"},"content":{"rendered":"<p data-start=\"28\" data-end=\"363\">Dorsch Springform p\u00e5 28 cm er perfekt til bagning af store kager, cheesecakes og t\u00e6rter. Formen har en slidst\u00e6rk non-stick bel\u00e6gning, der sikrer nem frig\u00f8relse af kagen uden at den h\u00e6nger fast. Den aftagelige kant g\u00f8r det let at servere, og den robuste konstruktion giver j\u00e6vn varmefordeling og lang holdbarhed.<\/p>\n<p data-start=\"365\" data-end=\"391\">\n","protected":false},"excerpt":{"rendered":"<article class=\"text-token-text-primary w-full focus:outline-none [--shadow-height:45px] has-data-writing-block:pointer-events-none has-data-writing-block:-mt-(--shadow-height) has-data-writing-block:pt-(--shadow-height) [&amp;:has([data-writing-block])&gt;*]:pointer-events-auto scroll-mt-[calc(var(--header-height)+min(200px,max(70px,20svh)))]\" dir=\"auto\" tabindex=\"-1\" data-turn-id=\"request-68dfefc5-b2f8-832d-bdcd-f9b2e6015ea9-7\" data-testid=\"conversation-turn-338\" data-scroll-anchor=\"true\" data-turn=\"assistant\">\n<div class=\"text-base my-auto mx-auto pb-10 [--thread-content-margin:--spacing(4)] thread-sm:[--thread-content-margin:--spacing(6)] thread-lg:[--thread-content-margin:--spacing(16)] px-(--thread-content-margin)\">\n<div class=\"[--thread-content-max-width:40rem] thread-lg:[--thread-content-max-width:48rem] mx-auto max-w-(--thread-content-max-width) flex-1 group\/turn-messages focus-visible:outline-hidden relative flex w-full min-w-0 flex-col agent-turn\" tabindex=\"-1\">\n<div class=\"flex max-w-full flex-col grow\">\n<div class=\"min-h-8 text-message relative flex w-full flex-col items-end gap-2 text-start break-words whitespace-normal [.text-message+&amp;]:mt-1\" dir=\"auto\" data-message-author-role=\"assistant\" data-message-id=\"744e5d4d-b43c-4f18-b352-866c588f8724\" data-message-model-slug=\"gpt-5\">\n<div class=\"flex w-full flex-col gap-1 empty:hidden first:pt-[1px]\">\n<div class=\"markdown prose dark:prose-invert w-full break-words dark markdown-new-styling\">\n<ul data-start=\"392\" data-end=\"587\" data-is-last-node=\"\" data-is-only-node=\"\">\n<li data-start=\"392\" data-end=\"450\">\n<p data-start=\"394\" data-end=\"450\">Diameter: 28 cm, ideel til st\u00f8rre kager og cheesecakes<\/p>\n<\/li>\n<li data-start=\"451\" data-end=\"493\">\n<p data-start=\"453\" data-end=\"493\">Non-stick bel\u00e6gning for nem frig\u00f8relse<\/p>\n<\/li>\n<li data-start=\"494\" data-end=\"530\">\n<p data-start=\"496\" data-end=\"530\">Aftagelig kant for let servering<\/p>\n<\/li>\n<li data-start=\"531\" data-end=\"554\">\n<p data-start=\"533\" data-end=\"554\">J\u00e6vn varmefordeling<\/p>\n<\/li>\n<li data-start=\"555\" data-end=\"587\" data-is-last-node=\"\">\n<p data-start=\"557\" data-end=\"587\" data-is-last-node=\"\">Robust og holdbar konstruktion<\/p>\n<\/li>\n<\/ul>\n<\/div>\n<\/div>\n<\/div>\n<\/div>\n<div class=\"z-0 flex min-h-[46px] justify-start\"><\/div>\n<div class=\"mt-3 w-full empty:hidden\">\n<div class=\"text-center\"><\/div>\n<\/div>\n<\/div>\n<\/div>\n<\/article>\n<div class=\"pointer-events-none h-px w-px\" aria-hidden=\"true\" data-edge=\"true\"><\/div>\n","protected":false},"featured_media":8460,"comment_status":"open","ping_status":"closed","template":"","meta":[],"product_brand":[],"product_cat":[560],"product_tag":[],"woo-feed-brand":[],"class_list":{"0":"post-8459","1":"product","2":"type-product","3":"status-publish","4":"has-post-thumbnail","6":"product_cat-springform-bakeware","8":"first","9":"instock","10":"taxable","11":"shipping-taxable","12":"purchasable","13":"product-type-simple"},"_links":{"self":[{"href":"https:\/\/dorschhome.ca\/en\/wp-json\/wp\/v2\/product\/8459","targetHints":{"allow":["GET"]}}],"collection":[{"href":"https:\/\/dorschhome.ca\/en\/wp-json\/wp\/v2\/product"}],"about":[{"href":"https:\/\/dorschhome.ca\/en\/wp-json\/wp\/v2\/types\/product"}],"replies":[{"embeddable":true,"href":"https:\/\/dorschhome.ca\/en\/wp-json\/wp\/v2\/comments?post=8459"}],"wp:featuredmedia":[{"embeddable":true,"href":"https:\/\/dorschhome.ca\/en\/wp-json\/wp\/v2\/media\/8460"}],"wp:attachment":[{"href":"https:\/\/dorschhome.ca\/en\/wp-json\/wp\/v2\/media?parent=8459"}],"wp:term":[{"taxonomy":"product_brand","embeddable":true,"href":"https:\/\/dorschhome.ca\/en\/wp-json\/wp\/v2\/product_brand?post=8459"},{"taxonomy":"product_cat","embeddable":true,"href":"https:\/\/dorschhome.ca\/en\/wp-json\/wp\/v2\/product_cat?post=8459"},{"taxonomy":"product_tag","embeddable":true,"href":"https:\/\/dorschhome.ca\/en\/wp-json\/wp\/v2\/product_tag?post=8459"},{"taxonomy":"woo-feed-brand","embeddable":true,"href":"https:\/\/dorschhome.ca\/en\/wp-json\/wp\/v2\/woo-feed-brand?post=8459"}],"curies":[{"name":"wp","href":"https:\/\/api.w.org\/{rel}","templated":true}]}}