{"id":8441,"date":"2025-10-25T10:53:10","date_gmt":"2025-10-25T10:53:10","guid":{"rendered":"https:\/\/dorschhome.se\/?post_type=product&#038;p=8441"},"modified":"2026-04-13T22:54:15","modified_gmt":"2026-04-13T22:54:15","slug":"springform-oe-24-cm","status":"publish","type":"product","link":"https:\/\/dorschhome.ca\/en\/vare\/springform-oe-24-cm\/","title":{"rendered":"Springform \u2013 \u00d8 24 cm"},"content":{"rendered":"<p data-start=\"28\" data-end=\"350\">Dorsch Springform p\u00e5 24 cm er perfekt til bagning af kager, cheesecakes og t\u00e6rter. Formen har en non-stick bel\u00e6gning, der sikrer nem frig\u00f8relse af bagv\u00e6rket og nem reng\u00f8ring. Den aftagelige kant g\u00f8r det let at tage kagen ud uden at beskadige den, og den robuste konstruktion sikrer lang holdbarhed.<\/p>\n<p data-start=\"352\" data-end=\"378\">\n","protected":false},"excerpt":{"rendered":"<article class=\"text-token-text-primary w-full focus:outline-none [--shadow-height:45px] has-data-writing-block:pointer-events-none has-data-writing-block:-mt-(--shadow-height) has-data-writing-block:pt-(--shadow-height) [&amp;:has([data-writing-block])&gt;*]:pointer-events-auto scroll-mt-[calc(var(--header-height)+min(200px,max(70px,20svh)))]\" dir=\"auto\" tabindex=\"-1\" data-turn-id=\"request-68dfefc5-b2f8-832d-bdcd-f9b2e6015ea9-5\" data-testid=\"conversation-turn-334\" data-scroll-anchor=\"true\" data-turn=\"assistant\">\n<div class=\"text-base my-auto mx-auto pb-10 [--thread-content-margin:--spacing(4)] thread-sm:[--thread-content-margin:--spacing(6)] thread-lg:[--thread-content-margin:--spacing(16)] px-(--thread-content-margin)\">\n<div class=\"[--thread-content-max-width:40rem] thread-lg:[--thread-content-max-width:48rem] mx-auto max-w-(--thread-content-max-width) flex-1 group\/turn-messages focus-visible:outline-hidden relative flex w-full min-w-0 flex-col agent-turn\" tabindex=\"-1\">\n<div class=\"flex max-w-full flex-col grow\">\n<div class=\"min-h-8 text-message relative flex w-full flex-col items-end gap-2 text-start break-words whitespace-normal [.text-message+&amp;]:mt-1\" dir=\"auto\" data-message-author-role=\"assistant\" data-message-id=\"4dd9d76a-905d-4fab-bda1-88ed7a240e68\" data-message-model-slug=\"gpt-5\">\n<div class=\"flex w-full flex-col gap-1 empty:hidden first:pt-[1px]\">\n<div class=\"markdown prose dark:prose-invert w-full break-words dark markdown-new-styling\">\n<ul data-start=\"379\" data-end=\"570\" data-is-last-node=\"\" data-is-only-node=\"\">\n<li data-start=\"379\" data-end=\"425\">\n<p data-start=\"381\" data-end=\"425\">Diameter: 24 cm, ideel til kager og t\u00e6rter<\/p>\n<\/li>\n<li data-start=\"426\" data-end=\"468\">\n<p data-start=\"428\" data-end=\"468\">Non-stick bel\u00e6gning for nem frig\u00f8relse<\/p>\n<\/li>\n<li data-start=\"469\" data-end=\"518\">\n<p data-start=\"471\" data-end=\"518\">Aftagelig kant for sk\u00e5nsom udtagning af kagen<\/p>\n<\/li>\n<li data-start=\"519\" data-end=\"537\">\n<p data-start=\"521\" data-end=\"537\">Let at reng\u00f8re<\/p>\n<\/li>\n<li data-start=\"538\" data-end=\"570\" data-is-last-node=\"\">\n<p data-start=\"540\" data-end=\"570\" data-is-last-node=\"\">Robust og holdbar konstruktion<\/p>\n<\/li>\n<\/ul>\n<\/div>\n<\/div>\n<\/div>\n<\/div>\n<div class=\"z-0 flex min-h-[46px] justify-start\"><\/div>\n<div class=\"mt-3 w-full empty:hidden\">\n<div class=\"text-center\"><\/div>\n<\/div>\n<\/div>\n<\/div>\n<\/article>\n<div class=\"pointer-events-none h-px w-px\" aria-hidden=\"true\" data-edge=\"true\"><\/div>\n","protected":false},"featured_media":8446,"comment_status":"open","ping_status":"closed","template":"","meta":[],"product_brand":[],"product_cat":[560],"product_tag":[],"woo-feed-brand":[],"class_list":{"0":"post-8441","1":"product","2":"type-product","3":"status-publish","4":"has-post-thumbnail","6":"product_cat-springform-bakeware","8":"first","9":"instock","10":"taxable","11":"shipping-taxable","12":"purchasable","13":"product-type-simple"},"_links":{"self":[{"href":"https:\/\/dorschhome.ca\/en\/wp-json\/wp\/v2\/product\/8441","targetHints":{"allow":["GET"]}}],"collection":[{"href":"https:\/\/dorschhome.ca\/en\/wp-json\/wp\/v2\/product"}],"about":[{"href":"https:\/\/dorschhome.ca\/en\/wp-json\/wp\/v2\/types\/product"}],"replies":[{"embeddable":true,"href":"https:\/\/dorschhome.ca\/en\/wp-json\/wp\/v2\/comments?post=8441"}],"wp:featuredmedia":[{"embeddable":true,"href":"https:\/\/dorschhome.ca\/en\/wp-json\/wp\/v2\/media\/8446"}],"wp:attachment":[{"href":"https:\/\/dorschhome.ca\/en\/wp-json\/wp\/v2\/media?parent=8441"}],"wp:term":[{"taxonomy":"product_brand","embeddable":true,"href":"https:\/\/dorschhome.ca\/en\/wp-json\/wp\/v2\/product_brand?post=8441"},{"taxonomy":"product_cat","embeddable":true,"href":"https:\/\/dorschhome.ca\/en\/wp-json\/wp\/v2\/product_cat?post=8441"},{"taxonomy":"product_tag","embeddable":true,"href":"https:\/\/dorschhome.ca\/en\/wp-json\/wp\/v2\/product_tag?post=8441"},{"taxonomy":"woo-feed-brand","embeddable":true,"href":"https:\/\/dorschhome.ca\/en\/wp-json\/wp\/v2\/woo-feed-brand?post=8441"}],"curies":[{"name":"wp","href":"https:\/\/api.w.org\/{rel}","templated":true}]}}