{"id":8247,"date":"2025-10-24T13:29:11","date_gmt":"2025-10-24T13:29:11","guid":{"rendered":"https:\/\/dorschhome.se\/?post_type=product&#038;p=8247"},"modified":"2026-03-30T14:03:02","modified_gmt":"2026-03-30T14:03:02","slug":"knivsaet-2-stk","status":"publish","type":"product","link":"https:\/\/dorschhome.ca\/en\/vare\/knivsaet-2-stk\/","title":{"rendered":"Knife Set 2 piece"},"content":{"rendered":"<p data-start=\"65\" data-end=\"464\">Dorsch Knivs\u00e6t med 2 stk. indeholder en 3&#8243; Paring Kniv og en 4&#8243; Utility Kniv \u2013 et ideelt s\u00e6t til pr\u00e6cisionsarbejde og daglige k\u00f8kkenopgaver. Paring kniven er perfekt til skr\u00e6lning og fintrimning, mens Utility kniven giver fleksibilitet til sk\u00e6ring af frugt, gr\u00f8ntsager og mindre k\u00f8dstykker. Begge knive har skarpe blade og ergonomiske h\u00e5ndtag for maksimal komfort og kontrol.<\/p>\n<p data-start=\"466\" data-end=\"492\">\n","protected":false},"excerpt":{"rendered":"<article class=\"text-token-text-primary w-full focus:outline-none [--shadow-height:45px] has-data-writing-block:pointer-events-none has-data-writing-block:-mt-(--shadow-height) has-data-writing-block:pt-(--shadow-height) [&amp;:has([data-writing-block])&gt;*]:pointer-events-auto scroll-mt-[calc(var(--header-height)+min(200px,max(70px,20svh)))]\" dir=\"auto\" tabindex=\"-1\" data-turn-id=\"request-68dfefc5-b2f8-832d-bdcd-f9b2e6015ea9-7\" data-testid=\"conversation-turn-214\" data-scroll-anchor=\"true\" data-turn=\"assistant\">\n<div class=\"text-base my-auto mx-auto pb-10 [--thread-content-margin:--spacing(4)] thread-sm:[--thread-content-margin:--spacing(6)] thread-lg:[--thread-content-margin:--spacing(16)] px-(--thread-content-margin)\">\n<div class=\"[--thread-content-max-width:40rem] thread-lg:[--thread-content-max-width:48rem] mx-auto max-w-(--thread-content-max-width) flex-1 group\/turn-messages focus-visible:outline-hidden relative flex w-full min-w-0 flex-col agent-turn\" tabindex=\"-1\">\n<div class=\"flex max-w-full flex-col grow\">\n<div class=\"min-h-8 text-message relative flex w-full flex-col items-end gap-2 text-start break-words whitespace-normal [.text-message+&amp;]:mt-1\" dir=\"auto\" data-message-author-role=\"assistant\" data-message-id=\"3c3df196-2ce3-4314-a4f8-e5279d47ccec\" data-message-model-slug=\"gpt-5\">\n<div class=\"flex w-full flex-col gap-1 empty:hidden first:pt-[1px]\">\n<div class=\"markdown prose dark:prose-invert w-full break-words dark markdown-new-styling\">\n<ul data-start=\"493\" data-end=\"663\" data-is-last-node=\"\" data-is-only-node=\"\">\n<li data-start=\"493\" data-end=\"538\">\n<p data-start=\"495\" data-end=\"538\">S\u00e6t med 3&#8243; Paring Kniv og 4&#8243; Utility Kniv<\/p>\n<\/li>\n<li data-start=\"539\" data-end=\"572\">\n<p data-start=\"541\" data-end=\"572\">Skarpe blade til pr\u00e6cise snit<\/p>\n<\/li>\n<li data-start=\"573\" data-end=\"613\">\n<p data-start=\"575\" data-end=\"613\">Ergonomiske h\u00e5ndtag for sikkert greb<\/p>\n<\/li>\n<li data-start=\"614\" data-end=\"663\" data-is-last-node=\"\">\n<p data-start=\"616\" data-end=\"663\" data-is-last-node=\"\">Perfekt til b\u00e5de pr\u00e6cisions- og hverdagsopgaver<\/p>\n<\/li>\n<\/ul>\n<\/div>\n<\/div>\n<\/div>\n<\/div>\n<div class=\"z-0 flex min-h-[46px] justify-start\"><\/div>\n<div class=\"mt-3 w-full empty:hidden\">\n<div class=\"text-center\"><\/div>\n<\/div>\n<\/div>\n<\/div>\n<\/article>\n<div class=\"pointer-events-none h-px w-px\" aria-hidden=\"true\" data-edge=\"true\"><\/div>\n","protected":false},"featured_media":8248,"comment_status":"open","ping_status":"closed","template":"","meta":[],"product_brand":[],"product_cat":[548],"product_tag":[],"woo-feed-brand":[],"class_list":{"0":"post-8247","1":"product","2":"type-product","3":"status-publish","4":"has-post-thumbnail","6":"product_cat-set-knife-cutlery","8":"first","9":"instock","10":"taxable","11":"shipping-taxable","12":"purchasable","13":"product-type-simple"},"_links":{"self":[{"href":"https:\/\/dorschhome.ca\/en\/wp-json\/wp\/v2\/product\/8247","targetHints":{"allow":["GET"]}}],"collection":[{"href":"https:\/\/dorschhome.ca\/en\/wp-json\/wp\/v2\/product"}],"about":[{"href":"https:\/\/dorschhome.ca\/en\/wp-json\/wp\/v2\/types\/product"}],"replies":[{"embeddable":true,"href":"https:\/\/dorschhome.ca\/en\/wp-json\/wp\/v2\/comments?post=8247"}],"wp:featuredmedia":[{"embeddable":true,"href":"https:\/\/dorschhome.ca\/en\/wp-json\/wp\/v2\/media\/8248"}],"wp:attachment":[{"href":"https:\/\/dorschhome.ca\/en\/wp-json\/wp\/v2\/media?parent=8247"}],"wp:term":[{"taxonomy":"product_brand","embeddable":true,"href":"https:\/\/dorschhome.ca\/en\/wp-json\/wp\/v2\/product_brand?post=8247"},{"taxonomy":"product_cat","embeddable":true,"href":"https:\/\/dorschhome.ca\/en\/wp-json\/wp\/v2\/product_cat?post=8247"},{"taxonomy":"product_tag","embeddable":true,"href":"https:\/\/dorschhome.ca\/en\/wp-json\/wp\/v2\/product_tag?post=8247"},{"taxonomy":"woo-feed-brand","embeddable":true,"href":"https:\/\/dorschhome.ca\/en\/wp-json\/wp\/v2\/woo-feed-brand?post=8247"}],"curies":[{"name":"wp","href":"https:\/\/api.w.org\/{rel}","templated":true}]}}