{"id":8227,"date":"2025-10-24T13:16:46","date_gmt":"2025-10-24T13:16:46","guid":{"rendered":"https:\/\/dorschhome.se\/?post_type=product&#038;p=8227"},"modified":"2026-03-08T06:30:09","modified_gmt":"2026-03-08T06:30:09","slug":"chef-kniv-7","status":"publish","type":"product","link":"https:\/\/dorschhome.ca\/en\/vare\/chef-kniv-7\/","title":{"rendered":"Chef Kniv 7&#8243;"},"content":{"rendered":"<p data-start=\"20\" data-end=\"362\">Dorsch Chef Kniv p\u00e5 7&#8243; er en alsidig og kraftfuld k\u00f8kkenkniv designet til b\u00e5de professionelle og hjemmekokke. Det skarpe og pr\u00e6cise blad g\u00f8r den ideel til hakning, snitning og sk\u00e6ring af alt fra gr\u00f8ntsager til k\u00f8d. Kniven har et ergonomisk h\u00e5ndtag, der sikrer et sikkert og behageligt greb, selv ved l\u00e6ngere tids brug.<\/p>\n<p data-start=\"364\" data-end=\"390\">\n","protected":false},"excerpt":{"rendered":"<article class=\"text-token-text-primary w-full focus:outline-none [--shadow-height:45px] has-data-writing-block:pointer-events-none has-data-writing-block:-mt-(--shadow-height) has-data-writing-block:pt-(--shadow-height) [&amp;:has([data-writing-block])&gt;*]:pointer-events-auto scroll-mt-[calc(var(--header-height)+min(200px,max(70px,20svh)))]\" dir=\"auto\" tabindex=\"-1\" data-turn-id=\"request-68dfefc5-b2f8-832d-bdcd-f9b2e6015ea9-3\" data-testid=\"conversation-turn-206\" data-scroll-anchor=\"true\" data-turn=\"assistant\">\n<div class=\"text-base my-auto mx-auto pb-10 [--thread-content-margin:--spacing(4)] thread-sm:[--thread-content-margin:--spacing(6)] thread-lg:[--thread-content-margin:--spacing(16)] px-(--thread-content-margin)\">\n<div class=\"[--thread-content-max-width:40rem] thread-lg:[--thread-content-max-width:48rem] mx-auto max-w-(--thread-content-max-width) flex-1 group\/turn-messages focus-visible:outline-hidden relative flex w-full min-w-0 flex-col agent-turn\" tabindex=\"-1\">\n<div class=\"flex max-w-full flex-col grow\">\n<div class=\"min-h-8 text-message relative flex w-full flex-col items-end gap-2 text-start break-words whitespace-normal [.text-message+&amp;]:mt-1\" dir=\"auto\" data-message-author-role=\"assistant\" data-message-id=\"3398256e-9410-4036-9796-37afff28a04e\" data-message-model-slug=\"gpt-5\">\n<div class=\"flex w-full flex-col gap-1 empty:hidden first:pt-[1px]\">\n<div class=\"markdown prose dark:prose-invert w-full break-words dark markdown-new-styling\">\n<ul data-start=\"391\" data-end=\"570\" data-is-last-node=\"\" data-is-only-node=\"\">\n<li data-start=\"391\" data-end=\"434\">\n<p data-start=\"393\" data-end=\"434\">7&#8243; alsidig kokkekniv til pr\u00e6cis sk\u00e6ring<\/p>\n<\/li>\n<li data-start=\"435\" data-end=\"477\">\n<p data-start=\"437\" data-end=\"477\">Skarpt blad til b\u00e5de k\u00f8d og gr\u00f8ntsager<\/p>\n<\/li>\n<li data-start=\"478\" data-end=\"523\">\n<p data-start=\"480\" data-end=\"523\">Ergonomisk h\u00e5ndtag for komfort og kontrol<\/p>\n<\/li>\n<li data-start=\"524\" data-end=\"570\" data-is-last-node=\"\">\n<p data-start=\"526\" data-end=\"570\" data-is-last-node=\"\">Ideel til b\u00e5de professionelle og hjemmekokke<\/p>\n<\/li>\n<\/ul>\n<\/div>\n<\/div>\n<\/div>\n<\/div>\n<div class=\"z-0 flex min-h-[46px] justify-start\"><\/div>\n<div class=\"mt-3 w-full empty:hidden\">\n<div class=\"text-center\"><\/div>\n<\/div>\n<\/div>\n<\/div>\n<\/article>\n<div class=\"pointer-events-none h-px w-px\" aria-hidden=\"true\" data-edge=\"true\"><\/div>\n","protected":false},"featured_media":8228,"comment_status":"open","ping_status":"closed","template":"","meta":[],"product_brand":[],"product_cat":[545],"product_tag":[],"woo-feed-brand":[],"class_list":{"0":"post-8227","1":"product","2":"type-product","3":"status-publish","4":"has-post-thumbnail","6":"product_cat-chef-knife-cutlery","8":"first","9":"instock","10":"taxable","11":"shipping-taxable","12":"purchasable","13":"product-type-simple"},"_links":{"self":[{"href":"https:\/\/dorschhome.ca\/en\/wp-json\/wp\/v2\/product\/8227","targetHints":{"allow":["GET"]}}],"collection":[{"href":"https:\/\/dorschhome.ca\/en\/wp-json\/wp\/v2\/product"}],"about":[{"href":"https:\/\/dorschhome.ca\/en\/wp-json\/wp\/v2\/types\/product"}],"replies":[{"embeddable":true,"href":"https:\/\/dorschhome.ca\/en\/wp-json\/wp\/v2\/comments?post=8227"}],"wp:featuredmedia":[{"embeddable":true,"href":"https:\/\/dorschhome.ca\/en\/wp-json\/wp\/v2\/media\/8228"}],"wp:attachment":[{"href":"https:\/\/dorschhome.ca\/en\/wp-json\/wp\/v2\/media?parent=8227"}],"wp:term":[{"taxonomy":"product_brand","embeddable":true,"href":"https:\/\/dorschhome.ca\/en\/wp-json\/wp\/v2\/product_brand?post=8227"},{"taxonomy":"product_cat","embeddable":true,"href":"https:\/\/dorschhome.ca\/en\/wp-json\/wp\/v2\/product_cat?post=8227"},{"taxonomy":"product_tag","embeddable":true,"href":"https:\/\/dorschhome.ca\/en\/wp-json\/wp\/v2\/product_tag?post=8227"},{"taxonomy":"woo-feed-brand","embeddable":true,"href":"https:\/\/dorschhome.ca\/en\/wp-json\/wp\/v2\/woo-feed-brand?post=8227"}],"curies":[{"name":"wp","href":"https:\/\/api.w.org\/{rel}","templated":true}]}}