{"id":8217,"date":"2025-10-24T13:11:32","date_gmt":"2025-10-24T13:11:32","guid":{"rendered":"https:\/\/dorschhome.se\/?post_type=product&#038;p=8217"},"modified":"2026-02-24T09:47:08","modified_gmt":"2026-02-24T09:47:08","slug":"carving-kniv-8","status":"publish","type":"product","link":"https:\/\/dorschhome.ca\/en\/vare\/carving-kniv-8\/","title":{"rendered":"Carving Kniv 8&#8243;"},"content":{"rendered":"<p data-start=\"23\" data-end=\"354\">Dorsch Carving Kniv p\u00e5 8&#8243; er skabt til pr\u00e6cisionssk\u00e6ring af k\u00f8d, fjerkr\u00e6 og st\u00f8rre stege. Det skarpe blad sikrer glatte og pr\u00e6cise snit, mens det ergonomiske h\u00e5ndtag giver et behageligt og sikkert greb under brug. En perfekt balance mellem kontrol og ydeevne, ideel til b\u00e5de professionelle og hjemmebrugere.<\/p>\n<p data-start=\"356\" data-end=\"382\">\n","protected":false},"excerpt":{"rendered":"<article class=\"text-token-text-primary w-full focus:outline-none [--shadow-height:45px] has-data-writing-block:pointer-events-none has-data-writing-block:-mt-(--shadow-height) has-data-writing-block:pt-(--shadow-height) [&amp;:has([data-writing-block])&gt;*]:pointer-events-auto scroll-mt-[calc(var(--header-height)+min(200px,max(70px,20svh)))]\" dir=\"auto\" tabindex=\"-1\" data-turn-id=\"request-68dfefc5-b2f8-832d-bdcd-f9b2e6015ea9-1\" data-testid=\"conversation-turn-202\" data-scroll-anchor=\"true\" data-turn=\"assistant\">\n<div class=\"text-base my-auto mx-auto pb-10 [--thread-content-margin:--spacing(4)] thread-sm:[--thread-content-margin:--spacing(6)] thread-lg:[--thread-content-margin:--spacing(16)] px-(--thread-content-margin)\">\n<div class=\"[--thread-content-max-width:40rem] thread-lg:[--thread-content-max-width:48rem] mx-auto max-w-(--thread-content-max-width) flex-1 group\/turn-messages focus-visible:outline-hidden relative flex w-full min-w-0 flex-col agent-turn\" tabindex=\"-1\">\n<div class=\"flex max-w-full flex-col grow\">\n<div class=\"min-h-8 text-message relative flex w-full flex-col items-end gap-2 text-start break-words whitespace-normal [.text-message+&amp;]:mt-1\" dir=\"auto\" data-message-author-role=\"assistant\" data-message-id=\"a9d724f6-af0f-4a35-b1e8-2389e6e26c1d\" data-message-model-slug=\"gpt-5\">\n<div class=\"flex w-full flex-col gap-1 empty:hidden first:pt-[1px]\">\n<div class=\"markdown prose dark:prose-invert w-full break-words dark markdown-new-styling\">\n<ul data-start=\"383\" data-end=\"573\" data-is-last-node=\"\" data-is-only-node=\"\">\n<li data-start=\"383\" data-end=\"438\">\n<p data-start=\"385\" data-end=\"438\">Skarpt 8&#8243; blad til pr\u00e6cis udsk\u00e6ring af k\u00f8d og stege<\/p>\n<\/li>\n<li data-start=\"439\" data-end=\"478\">\n<p data-start=\"441\" data-end=\"478\">Ergonomisk h\u00e5ndtag for sikkert greb<\/p>\n<\/li>\n<li data-start=\"479\" data-end=\"524\">\n<p data-start=\"481\" data-end=\"524\">Perfekt balance mellem kontrol og ydeevne<\/p>\n<\/li>\n<li data-start=\"525\" data-end=\"573\" data-is-last-node=\"\">\n<p data-start=\"527\" data-end=\"573\" data-is-last-node=\"\">Ideel til b\u00e5de professionelle og hjemmebrugere<\/p>\n<\/li>\n<\/ul>\n<\/div>\n<\/div>\n<\/div>\n<\/div>\n<div class=\"z-0 flex min-h-[46px] justify-start\"><\/div>\n<div class=\"mt-3 w-full empty:hidden\">\n<div class=\"text-center\"><\/div>\n<\/div>\n<\/div>\n<\/div>\n<\/article>\n<div class=\"pointer-events-none h-px w-px\" aria-hidden=\"true\" data-edge=\"true\"><\/div>\n","protected":false},"featured_media":8218,"comment_status":"open","ping_status":"closed","template":"","meta":[],"product_brand":[],"product_cat":[547],"product_tag":[],"woo-feed-brand":[],"class_list":{"0":"post-8217","1":"product","2":"type-product","3":"status-publish","4":"has-post-thumbnail","6":"product_cat-carving-knife-cutlery","8":"first","9":"instock","10":"taxable","11":"shipping-taxable","12":"purchasable","13":"product-type-simple"},"_links":{"self":[{"href":"https:\/\/dorschhome.ca\/en\/wp-json\/wp\/v2\/product\/8217","targetHints":{"allow":["GET"]}}],"collection":[{"href":"https:\/\/dorschhome.ca\/en\/wp-json\/wp\/v2\/product"}],"about":[{"href":"https:\/\/dorschhome.ca\/en\/wp-json\/wp\/v2\/types\/product"}],"replies":[{"embeddable":true,"href":"https:\/\/dorschhome.ca\/en\/wp-json\/wp\/v2\/comments?post=8217"}],"wp:featuredmedia":[{"embeddable":true,"href":"https:\/\/dorschhome.ca\/en\/wp-json\/wp\/v2\/media\/8218"}],"wp:attachment":[{"href":"https:\/\/dorschhome.ca\/en\/wp-json\/wp\/v2\/media?parent=8217"}],"wp:term":[{"taxonomy":"product_brand","embeddable":true,"href":"https:\/\/dorschhome.ca\/en\/wp-json\/wp\/v2\/product_brand?post=8217"},{"taxonomy":"product_cat","embeddable":true,"href":"https:\/\/dorschhome.ca\/en\/wp-json\/wp\/v2\/product_cat?post=8217"},{"taxonomy":"product_tag","embeddable":true,"href":"https:\/\/dorschhome.ca\/en\/wp-json\/wp\/v2\/product_tag?post=8217"},{"taxonomy":"woo-feed-brand","embeddable":true,"href":"https:\/\/dorschhome.ca\/en\/wp-json\/wp\/v2\/woo-feed-brand?post=8217"}],"curies":[{"name":"wp","href":"https:\/\/api.w.org\/{rel}","templated":true}]}}