{"id":7837,"date":"2025-10-22T18:48:55","date_gmt":"2025-10-22T18:48:55","guid":{"rendered":"https:\/\/dorschhome.se\/?post_type=product&#038;p=7837"},"modified":"2025-11-01T20:25:40","modified_gmt":"2025-11-01T20:25:40","slug":"pande-28-cm-premium","status":"publish","type":"product","link":"https:\/\/dorschhome.ca\/en\/vare\/pande-28-cm-premium\/","title":{"rendered":"Pande &#8211; 28 cm \u2013 Premium"},"content":{"rendered":"<p data-start=\"31\" data-end=\"427\">Premium pande p\u00e5 28 cm er fremstillet af trykst\u00f8bt aluminium med keramisk bel\u00e6gning, som giver en naturlig nonstick-effekt og j\u00e6vn varmefordeling. Den store st\u00f8rrelse g\u00f8r den ideel til stegning af k\u00f8d, gr\u00f8ntsager eller st\u00f8rre portioner. Velegnet til alle komfurtyper \u2013 ogs\u00e5 induktion. Fri for PFAS, PFOA og PFTE, hvilket g\u00f8r panden til et sundt og sikkert valg i k\u00f8kkenet. Vaskes op i h\u00e5nden for at sk\u00e5ne bel\u00e6gningen. T\u00e5ler ikke opvaskemaskine.<\/p>\n<p data-start=\"429\" data-end=\"455\">\n","protected":false},"excerpt":{"rendered":"<ul>\n<li data-start=\"456\" data-end=\"482\">\n<p data-start=\"458\" data-end=\"482\">Fri for PFAS\/PFOA\/PFTE<\/p>\n<\/li>\n<li data-start=\"483\" data-end=\"529\">\n<p data-start=\"485\" data-end=\"529\">Trykst\u00f8bt aluminium med keramisk bel\u00e6gning<\/p>\n<\/li>\n<li data-start=\"530\" data-end=\"558\">\n<p data-start=\"532\" data-end=\"558\">Naturlig nonstick-effekt<\/p>\n<\/li>\n<li data-start=\"559\" data-end=\"582\">\n<p data-start=\"561\" data-end=\"582\">J\u00e6vn varmefordeling<\/p>\n<\/li>\n<li data-start=\"583\" data-end=\"631\" data-is-last-node=\"\">\n<p data-start=\"585\" data-end=\"631\" data-is-last-node=\"\">Velegnet til alle komfurtyper \u2013 ogs\u00e5 induktion<\/p>\n<\/li>\n<\/ul>\n","protected":false},"featured_media":7838,"comment_status":"open","ping_status":"closed","template":"","meta":[],"product_brand":[],"product_cat":[507],"product_tag":[],"woo-feed-brand":[],"class_list":{"0":"post-7837","1":"product","2":"type-product","3":"status-publish","4":"has-post-thumbnail","6":"product_cat-stegepander-pander-premium","8":"first","9":"instock","10":"taxable","11":"shipping-taxable","12":"purchasable","13":"product-type-simple"},"_links":{"self":[{"href":"https:\/\/dorschhome.ca\/en\/wp-json\/wp\/v2\/product\/7837","targetHints":{"allow":["GET"]}}],"collection":[{"href":"https:\/\/dorschhome.ca\/en\/wp-json\/wp\/v2\/product"}],"about":[{"href":"https:\/\/dorschhome.ca\/en\/wp-json\/wp\/v2\/types\/product"}],"replies":[{"embeddable":true,"href":"https:\/\/dorschhome.ca\/en\/wp-json\/wp\/v2\/comments?post=7837"}],"wp:featuredmedia":[{"embeddable":true,"href":"https:\/\/dorschhome.ca\/en\/wp-json\/wp\/v2\/media\/7838"}],"wp:attachment":[{"href":"https:\/\/dorschhome.ca\/en\/wp-json\/wp\/v2\/media?parent=7837"}],"wp:term":[{"taxonomy":"product_brand","embeddable":true,"href":"https:\/\/dorschhome.ca\/en\/wp-json\/wp\/v2\/product_brand?post=7837"},{"taxonomy":"product_cat","embeddable":true,"href":"https:\/\/dorschhome.ca\/en\/wp-json\/wp\/v2\/product_cat?post=7837"},{"taxonomy":"product_tag","embeddable":true,"href":"https:\/\/dorschhome.ca\/en\/wp-json\/wp\/v2\/product_tag?post=7837"},{"taxonomy":"woo-feed-brand","embeddable":true,"href":"https:\/\/dorschhome.ca\/en\/wp-json\/wp\/v2\/woo-feed-brand?post=7837"}],"curies":[{"name":"wp","href":"https:\/\/api.w.org\/{rel}","templated":true}]}}