{"id":7830,"date":"2025-10-22T18:44:49","date_gmt":"2025-10-22T18:44:49","guid":{"rendered":"https:\/\/dorschhome.se\/?post_type=product&#038;p=7830"},"modified":"2025-11-01T20:25:30","modified_gmt":"2025-11-01T20:25:30","slug":"dobbeltsidet-grillpande-36-cm-premium","status":"publish","type":"product","link":"https:\/\/dorschhome.ca\/en\/vare\/dobbeltsidet-grillpande-36-cm-premium\/","title":{"rendered":"Dobbeltsidet Grillpande &#8211; 36 cm \u2013 Premium"},"content":{"rendered":"<p data-start=\"49\" data-end=\"538\">Premium dobbeltsidet grillpande p\u00e5 36 cm er fremstillet af trykst\u00f8bt aluminium med keramisk bel\u00e6gning, som giver en naturlig nonstick-effekt og sikrer j\u00e6vn varmefordeling. Den dobbeltsidede konstruktion g\u00f8r det nemt at stege og vende mad uden spild, mens de rillede overflader giver flotte grillm\u00e6rker p\u00e5 k\u00f8d, gr\u00f8ntsager og fisk. Velegnet til alle komfurtyper \u2013 ogs\u00e5 induktion. Fri for PFAS, PFOA og PFTE, hvilket g\u00f8r panden til et sundt og sikkert valg i k\u00f8kkenet. Vaskes op i h\u00e5nden for at sk\u00e5ne bel\u00e6gningen. T\u00e5ler ikke opvaskemaskine.<\/p>\n<p data-start=\"540\" data-end=\"566\">\n","protected":false},"excerpt":{"rendered":"<ul>\n<li data-start=\"567\" data-end=\"593\">\n<p data-start=\"569\" data-end=\"593\">Fri for PFAS\/PFOA\/PFTE<\/p>\n<\/li>\n<li data-start=\"594\" data-end=\"640\">\n<p data-start=\"596\" data-end=\"640\">Trykst\u00f8bt aluminium med keramisk bel\u00e6gning<\/p>\n<\/li>\n<li data-start=\"641\" data-end=\"669\">\n<p data-start=\"643\" data-end=\"669\">Naturlig nonstick-effekt<\/p>\n<\/li>\n<li data-start=\"670\" data-end=\"693\">\n<p data-start=\"672\" data-end=\"693\">J\u00e6vn varmefordeling<\/p>\n<\/li>\n<li data-start=\"694\" data-end=\"744\">\n<p data-start=\"696\" data-end=\"744\">Velegnet til alle komfurtyper \u2013 ogs\u00e5 induktion<\/p>\n<\/li>\n<li data-start=\"745\" data-end=\"790\">\n<p data-start=\"747\" data-end=\"790\">Dobbeltsidet til nem stegning og vendning<\/p>\n<\/li>\n<li data-start=\"791\" data-end=\"822\" data-is-last-node=\"\">\n<p data-start=\"793\" data-end=\"822\" data-is-last-node=\"\">Ideel til grillning indend\u00f8rs<\/p>\n<\/li>\n<\/ul>\n","protected":false},"featured_media":7831,"comment_status":"open","ping_status":"closed","template":"","meta":[],"product_brand":[],"product_cat":[508],"product_tag":[],"woo-feed-brand":[],"class_list":{"0":"post-7830","1":"product","2":"type-product","3":"status-publish","4":"has-post-thumbnail","6":"product_cat-grillpander-pander-premium","8":"first","9":"instock","10":"taxable","11":"shipping-taxable","12":"purchasable","13":"product-type-simple"},"_links":{"self":[{"href":"https:\/\/dorschhome.ca\/en\/wp-json\/wp\/v2\/product\/7830","targetHints":{"allow":["GET"]}}],"collection":[{"href":"https:\/\/dorschhome.ca\/en\/wp-json\/wp\/v2\/product"}],"about":[{"href":"https:\/\/dorschhome.ca\/en\/wp-json\/wp\/v2\/types\/product"}],"replies":[{"embeddable":true,"href":"https:\/\/dorschhome.ca\/en\/wp-json\/wp\/v2\/comments?post=7830"}],"wp:featuredmedia":[{"embeddable":true,"href":"https:\/\/dorschhome.ca\/en\/wp-json\/wp\/v2\/media\/7831"}],"wp:attachment":[{"href":"https:\/\/dorschhome.ca\/en\/wp-json\/wp\/v2\/media?parent=7830"}],"wp:term":[{"taxonomy":"product_brand","embeddable":true,"href":"https:\/\/dorschhome.ca\/en\/wp-json\/wp\/v2\/product_brand?post=7830"},{"taxonomy":"product_cat","embeddable":true,"href":"https:\/\/dorschhome.ca\/en\/wp-json\/wp\/v2\/product_cat?post=7830"},{"taxonomy":"product_tag","embeddable":true,"href":"https:\/\/dorschhome.ca\/en\/wp-json\/wp\/v2\/product_tag?post=7830"},{"taxonomy":"woo-feed-brand","embeddable":true,"href":"https:\/\/dorschhome.ca\/en\/wp-json\/wp\/v2\/woo-feed-brand?post=7830"}],"curies":[{"name":"wp","href":"https:\/\/api.w.org\/{rel}","templated":true}]}}