{"id":7824,"date":"2025-10-22T18:39:03","date_gmt":"2025-10-22T18:39:03","guid":{"rendered":"https:\/\/dorschhome.se\/?post_type=product&#038;p=7824"},"modified":"2025-11-01T20:25:23","modified_gmt":"2025-11-01T20:25:23","slug":"dobbeltsidet-grillpande-30-cm-premium","status":"publish","type":"product","link":"https:\/\/dorschhome.ca\/en\/vare\/dobbeltsidet-grillpande-30-cm-premium\/","title":{"rendered":"Dobbeltsidet Grillpande &#8211; 30 cm \u2013 Premium"},"content":{"rendered":"<p data-start=\"49\" data-end=\"511\">Premium dobbeltsidet grillpande p\u00e5 30 cm er fremstillet af trykst\u00f8bt aluminium med keramisk bel\u00e6gning, der giver en naturlig nonstick-effekt og j\u00e6vn varmefordeling. Den dobbeltsidede konstruktion g\u00f8r det nemt at stege og vende mad uden spild, og de rillede overflader giver flotte grillm\u00e6rker p\u00e5 k\u00f8d, gr\u00f8ntsager og fisk. Velegnet til alle komfurtyper \u2013 ogs\u00e5 induktion. Fri for PFAS, PFOA og PFTE, hvilket sikrer sund og sikker madlavning. Vaskes op i h\u00e5nden for at sk\u00e5ne bel\u00e6gningen. T\u00e5ler ikke opvaskemaskine.<\/p>\n<p data-start=\"513\" data-end=\"539\">\n","protected":false},"excerpt":{"rendered":"<ul>\n<li data-start=\"540\" data-end=\"566\">\n<p data-start=\"542\" data-end=\"566\">Fri for PFAS\/PFOA\/PFTE<\/p>\n<\/li>\n<li data-start=\"567\" data-end=\"613\">\n<p data-start=\"569\" data-end=\"613\">Trykst\u00f8bt aluminium med keramisk bel\u00e6gning<\/p>\n<\/li>\n<li data-start=\"614\" data-end=\"642\">\n<p data-start=\"616\" data-end=\"642\">Naturlig nonstick-effekt<\/p>\n<\/li>\n<li data-start=\"643\" data-end=\"666\">\n<p data-start=\"645\" data-end=\"666\">J\u00e6vn varmefordeling<\/p>\n<\/li>\n<li data-start=\"667\" data-end=\"717\">\n<p data-start=\"669\" data-end=\"717\">Velegnet til alle komfurtyper \u2013 ogs\u00e5 induktion<\/p>\n<\/li>\n<li data-start=\"718\" data-end=\"763\">\n<p data-start=\"720\" data-end=\"763\">Dobbeltsidet til nem stegning og vendning<\/p>\n<\/li>\n<li data-start=\"764\" data-end=\"795\" data-is-last-node=\"\">\n<p data-start=\"766\" data-end=\"795\" data-is-last-node=\"\">Ideel til grillning indend\u00f8rs<\/p>\n<\/li>\n<\/ul>\n","protected":false},"featured_media":7825,"comment_status":"open","ping_status":"closed","template":"","meta":[],"product_brand":[],"product_cat":[508],"product_tag":[],"woo-feed-brand":[],"class_list":{"0":"post-7824","1":"product","2":"type-product","3":"status-publish","4":"has-post-thumbnail","6":"product_cat-grillpander-pander-premium","8":"first","9":"instock","10":"taxable","11":"shipping-taxable","12":"purchasable","13":"product-type-simple"},"_links":{"self":[{"href":"https:\/\/dorschhome.ca\/en\/wp-json\/wp\/v2\/product\/7824","targetHints":{"allow":["GET"]}}],"collection":[{"href":"https:\/\/dorschhome.ca\/en\/wp-json\/wp\/v2\/product"}],"about":[{"href":"https:\/\/dorschhome.ca\/en\/wp-json\/wp\/v2\/types\/product"}],"replies":[{"embeddable":true,"href":"https:\/\/dorschhome.ca\/en\/wp-json\/wp\/v2\/comments?post=7824"}],"wp:featuredmedia":[{"embeddable":true,"href":"https:\/\/dorschhome.ca\/en\/wp-json\/wp\/v2\/media\/7825"}],"wp:attachment":[{"href":"https:\/\/dorschhome.ca\/en\/wp-json\/wp\/v2\/media?parent=7824"}],"wp:term":[{"taxonomy":"product_brand","embeddable":true,"href":"https:\/\/dorschhome.ca\/en\/wp-json\/wp\/v2\/product_brand?post=7824"},{"taxonomy":"product_cat","embeddable":true,"href":"https:\/\/dorschhome.ca\/en\/wp-json\/wp\/v2\/product_cat?post=7824"},{"taxonomy":"product_tag","embeddable":true,"href":"https:\/\/dorschhome.ca\/en\/wp-json\/wp\/v2\/product_tag?post=7824"},{"taxonomy":"woo-feed-brand","embeddable":true,"href":"https:\/\/dorschhome.ca\/en\/wp-json\/wp\/v2\/woo-feed-brand?post=7824"}],"curies":[{"name":"wp","href":"https:\/\/api.w.org\/{rel}","templated":true}]}}