{"id":7803,"date":"2025-10-22T18:22:02","date_gmt":"2025-10-22T18:22:02","guid":{"rendered":"https:\/\/dorschhome.se\/?post_type=product&#038;p=7803"},"modified":"2025-11-01T20:24:53","modified_gmt":"2025-11-01T20:24:53","slug":"pande-20-cm-premium","status":"publish","type":"product","link":"https:\/\/dorschhome.ca\/en\/vare\/pande-20-cm-premium\/","title":{"rendered":"Pande &#8211; 20 cm \u2013 Premium"},"content":{"rendered":"<p data-start=\"31\" data-end=\"411\">Premium pande p\u00e5 20 cm er fremstillet af trykst\u00f8bt aluminium med keramisk bel\u00e6gning, som giver en naturlig nonstick-effekt og j\u00e6vn varmefordeling. Den kompakte st\u00f8rrelse g\u00f8r den ideel til sm\u00e5 retter, \u00e6g eller gr\u00f8ntsager. Velegnet til alle komfurtyper \u2013 ogs\u00e5 induktion. Fri for PFAS, PFOA og PFTE, hvilket g\u00f8r panden til et sundt og sikkert valg i k\u00f8kkenet. Vaskes op i h\u00e5nden for at sk\u00e5ne bel\u00e6gningen. T\u00e5ler ikke opvaskemaskine.<\/p>\n<p data-start=\"413\" data-end=\"439\">\n","protected":false},"excerpt":{"rendered":"<ul>\n<li data-start=\"440\" data-end=\"466\">\n<p data-start=\"442\" data-end=\"466\">Fri for PFAS\/PFOA\/PFTE<\/p>\n<\/li>\n<li data-start=\"467\" data-end=\"513\">\n<p data-start=\"469\" data-end=\"513\">Trykst\u00f8bt aluminium med keramisk bel\u00e6gning<\/p>\n<\/li>\n<li data-start=\"514\" data-end=\"542\">\n<p data-start=\"516\" data-end=\"542\">Naturlig nonstick-effekt<\/p>\n<\/li>\n<li data-start=\"543\" data-end=\"566\">\n<p data-start=\"545\" data-end=\"566\">J\u00e6vn varmefordeling<\/p>\n<\/li>\n<li data-start=\"567\" data-end=\"615\" data-is-last-node=\"\">\n<p data-start=\"569\" data-end=\"615\" data-is-last-node=\"\">Velegnet til alle komfurtyper \u2013 ogs\u00e5 induktion<\/p>\n<\/li>\n<\/ul>\n","protected":false},"featured_media":7804,"comment_status":"open","ping_status":"closed","template":"","meta":[],"product_brand":[],"product_cat":[507],"product_tag":[],"woo-feed-brand":[],"class_list":{"0":"post-7803","1":"product","2":"type-product","3":"status-publish","4":"has-post-thumbnail","6":"product_cat-stegepander-pander-premium","8":"first","9":"instock","10":"taxable","11":"shipping-taxable","12":"purchasable","13":"product-type-simple"},"_links":{"self":[{"href":"https:\/\/dorschhome.ca\/en\/wp-json\/wp\/v2\/product\/7803","targetHints":{"allow":["GET"]}}],"collection":[{"href":"https:\/\/dorschhome.ca\/en\/wp-json\/wp\/v2\/product"}],"about":[{"href":"https:\/\/dorschhome.ca\/en\/wp-json\/wp\/v2\/types\/product"}],"replies":[{"embeddable":true,"href":"https:\/\/dorschhome.ca\/en\/wp-json\/wp\/v2\/comments?post=7803"}],"wp:featuredmedia":[{"embeddable":true,"href":"https:\/\/dorschhome.ca\/en\/wp-json\/wp\/v2\/media\/7804"}],"wp:attachment":[{"href":"https:\/\/dorschhome.ca\/en\/wp-json\/wp\/v2\/media?parent=7803"}],"wp:term":[{"taxonomy":"product_brand","embeddable":true,"href":"https:\/\/dorschhome.ca\/en\/wp-json\/wp\/v2\/product_brand?post=7803"},{"taxonomy":"product_cat","embeddable":true,"href":"https:\/\/dorschhome.ca\/en\/wp-json\/wp\/v2\/product_cat?post=7803"},{"taxonomy":"product_tag","embeddable":true,"href":"https:\/\/dorschhome.ca\/en\/wp-json\/wp\/v2\/product_tag?post=7803"},{"taxonomy":"woo-feed-brand","embeddable":true,"href":"https:\/\/dorschhome.ca\/en\/wp-json\/wp\/v2\/woo-feed-brand?post=7803"}],"curies":[{"name":"wp","href":"https:\/\/api.w.org\/{rel}","templated":true}]}}