{"id":7794,"date":"2025-10-22T18:14:01","date_gmt":"2025-10-22T18:14:01","guid":{"rendered":"https:\/\/dorschhome.se\/?post_type=product&#038;p=7794"},"modified":"2025-11-01T20:24:47","modified_gmt":"2025-11-01T20:24:47","slug":"premium-cuisine-saet-11-dele","status":"publish","type":"product","link":"https:\/\/dorschhome.ca\/en\/vare\/premium-cuisine-saet-11-dele\/","title":{"rendered":"Premium Cuisine S\u00e6t &#8211; 11 dele"},"content":{"rendered":"<p data-start=\"47\" data-end=\"495\">Premium Cuisine S\u00e6t med 11 dele kombinerer funktionalitet og stil i et komplet k\u00f8kkens\u00e6t. Gryderne er fremstillet af trykst\u00f8bt aluminium med keramisk bel\u00e6gning, der giver en naturlig nonstick-effekt og sikrer j\u00e6vn varmefordeling. Perfekt til b\u00e5de hverdagens madlavning og st\u00f8rre m\u00e5ltider. Velegnet til alle komfurtyper \u2013 ogs\u00e5 induktion. Fri for PFAS, PFOA og PFTE, hvilket g\u00f8r s\u00e6ttet til et sundt og sikkert valg i k\u00f8kkenet. Vaskes op i h\u00e5nden for at sk\u00e5ne bel\u00e6gningen. T\u00e5ler ikke opvaskemaskine.<\/p>\n<p data-start=\"497\" data-end=\"523\">\n","protected":false},"excerpt":{"rendered":"<article class=\"text-token-text-primary w-full focus:outline-none [--shadow-height:45px] has-data-writing-block:pointer-events-none has-data-writing-block:-mt-(--shadow-height) has-data-writing-block:pt-(--shadow-height) [&amp;:has([data-writing-block])&gt;*]:pointer-events-auto scroll-mt-[calc(var(--header-height)+min(200px,max(70px,20svh)))]\" dir=\"auto\" tabindex=\"-1\" data-turn-id=\"request-68dfefc5-b2f8-832d-bdcd-f9b2e6015ea9-16\" data-testid=\"conversation-turn-74\" data-scroll-anchor=\"true\" data-turn=\"assistant\">\n<div class=\"text-base my-auto mx-auto pb-10 [--thread-content-margin:--spacing(4)] thread-sm:[--thread-content-margin:--spacing(6)] thread-lg:[--thread-content-margin:--spacing(16)] px-(--thread-content-margin)\">\n<div class=\"[--thread-content-max-width:40rem] thread-lg:[--thread-content-max-width:48rem] mx-auto max-w-(--thread-content-max-width) flex-1 group\/turn-messages focus-visible:outline-hidden relative flex w-full min-w-0 flex-col agent-turn\" tabindex=\"-1\">\n<div class=\"flex max-w-full flex-col grow\">\n<div class=\"min-h-8 text-message relative flex w-full flex-col items-end gap-2 text-start break-words whitespace-normal [.text-message+&amp;]:mt-1\" dir=\"auto\" data-message-author-role=\"assistant\" data-message-id=\"edc46d8a-787d-4d8c-890c-cd41867a768d\" data-message-model-slug=\"gpt-5-mini\">\n<div class=\"flex w-full flex-col gap-1 empty:hidden first:pt-[1px]\">\n<div class=\"markdown prose dark:prose-invert w-full break-words dark markdown-new-styling\">\n<ul data-start=\"524\" data-end=\"722\" data-is-last-node=\"\" data-is-only-node=\"\">\n<li data-start=\"524\" data-end=\"550\">\n<p data-start=\"526\" data-end=\"550\">Fri for PFAS\/PFOA\/PFTE<\/p>\n<\/li>\n<li data-start=\"551\" data-end=\"597\">\n<p data-start=\"553\" data-end=\"597\">Trykst\u00f8bt aluminium med keramisk bel\u00e6gning<\/p>\n<\/li>\n<li data-start=\"598\" data-end=\"626\">\n<p data-start=\"600\" data-end=\"626\">Naturlig nonstick-effekt<\/p>\n<\/li>\n<li data-start=\"627\" data-end=\"650\">\n<p data-start=\"629\" data-end=\"650\">J\u00e6vn varmefordeling<\/p>\n<\/li>\n<li data-start=\"651\" data-end=\"701\">\n<p data-start=\"653\" data-end=\"701\">Velegnet til alle komfurtyper \u2013 ogs\u00e5 induktion<\/p>\n<\/li>\n<li data-start=\"702\" data-end=\"722\" data-is-last-node=\"\">\n<p data-start=\"704\" data-end=\"722\" data-is-last-node=\"\">Indeholder 11 dele<\/p>\n<\/li>\n<\/ul>\n<\/div>\n<\/div>\n<\/div>\n<\/div>\n<div class=\"z-0 flex min-h-[46px] justify-start\"><\/div>\n<div class=\"mt-3 w-full empty:hidden\">\n<div class=\"text-center\"><\/div>\n<\/div>\n<\/div>\n<\/div>\n<\/article>\n<div class=\"pointer-events-none h-px w-px\" aria-hidden=\"true\" data-edge=\"true\"><\/div>\n","protected":false},"featured_media":7795,"comment_status":"open","ping_status":"closed","template":"","meta":[],"product_brand":[],"product_cat":[502],"product_tag":[],"woo-feed-brand":[],"class_list":{"0":"post-7794","1":"product","2":"type-product","3":"status-publish","4":"has-post-thumbnail","6":"product_cat-saet-gryder-premium","8":"first","9":"instock","10":"taxable","11":"shipping-taxable","12":"purchasable","13":"product-type-simple"},"_links":{"self":[{"href":"https:\/\/dorschhome.ca\/en\/wp-json\/wp\/v2\/product\/7794","targetHints":{"allow":["GET"]}}],"collection":[{"href":"https:\/\/dorschhome.ca\/en\/wp-json\/wp\/v2\/product"}],"about":[{"href":"https:\/\/dorschhome.ca\/en\/wp-json\/wp\/v2\/types\/product"}],"replies":[{"embeddable":true,"href":"https:\/\/dorschhome.ca\/en\/wp-json\/wp\/v2\/comments?post=7794"}],"wp:featuredmedia":[{"embeddable":true,"href":"https:\/\/dorschhome.ca\/en\/wp-json\/wp\/v2\/media\/7795"}],"wp:attachment":[{"href":"https:\/\/dorschhome.ca\/en\/wp-json\/wp\/v2\/media?parent=7794"}],"wp:term":[{"taxonomy":"product_brand","embeddable":true,"href":"https:\/\/dorschhome.ca\/en\/wp-json\/wp\/v2\/product_brand?post=7794"},{"taxonomy":"product_cat","embeddable":true,"href":"https:\/\/dorschhome.ca\/en\/wp-json\/wp\/v2\/product_cat?post=7794"},{"taxonomy":"product_tag","embeddable":true,"href":"https:\/\/dorschhome.ca\/en\/wp-json\/wp\/v2\/product_tag?post=7794"},{"taxonomy":"woo-feed-brand","embeddable":true,"href":"https:\/\/dorschhome.ca\/en\/wp-json\/wp\/v2\/woo-feed-brand?post=7794"}],"curies":[{"name":"wp","href":"https:\/\/api.w.org\/{rel}","templated":true}]}}