{"id":7749,"date":"2025-10-22T17:36:27","date_gmt":"2025-10-22T17:36:27","guid":{"rendered":"https:\/\/dorschhome.se\/?post_type=product&#038;p=7749"},"modified":"2025-11-01T20:23:01","modified_gmt":"2025-11-01T20:23:01","slug":"gryde-24-cm-premium","status":"publish","type":"product","link":"https:\/\/dorschhome.ca\/en\/vare\/gryde-24-cm-premium\/","title":{"rendered":"Gryde &#8211; 24 cm \u2013 Premium"},"content":{"rendered":"<p>Premium gryde p\u00e5 24 cm er lavet af trykst\u00f8bt aluminium med keramisk bel\u00e6gning, der giver en naturlig nonstick-effekt og sikrer j\u00e6vn varmefordeling. Den alsidige st\u00f8rrelse g\u00f8r den perfekt til pasta, supper og gryderetter. Velegnet til alle komfurtyper \u2013 ogs\u00e5 induktion. Fri for PFAS, PFOA og PFTE, s\u00e5 du kan lave mad p\u00e5 en sund og sikker m\u00e5de. Vaskes op i h\u00e5nden for at sk\u00e5ne bel\u00e6gningen. T\u00e5ler ikke opvaskemaskine.<\/p>\n","protected":false},"excerpt":{"rendered":"<ul>\n<li data-start=\"426\" data-end=\"452\">\n<p data-start=\"428\" data-end=\"452\">Fri for PFAS\/PFOA\/PFTE<\/p>\n<\/li>\n<li data-start=\"453\" data-end=\"499\">\n<p data-start=\"455\" data-end=\"499\">Trykst\u00f8bt aluminium med keramisk bel\u00e6gning<\/p>\n<\/li>\n<li data-start=\"500\" data-end=\"528\">\n<p data-start=\"502\" data-end=\"528\">Naturlig nonstick-effekt<\/p>\n<\/li>\n<li data-start=\"529\" data-end=\"552\">\n<p data-start=\"531\" data-end=\"552\">J\u00e6vn varmefordeling<\/p>\n<\/li>\n<li data-start=\"553\" data-end=\"601\" data-is-last-node=\"\">\n<p data-start=\"555\" data-end=\"601\" data-is-last-node=\"\">Velegnet til alle komfurtyper \u2013 ogs\u00e5 induktion<\/p>\n<\/li>\n<\/ul>\n","protected":false},"featured_media":7750,"comment_status":"open","ping_status":"closed","template":"","meta":[],"product_brand":[],"product_cat":[586],"product_tag":[],"woo-feed-brand":[],"class_list":{"0":"post-7749","1":"product","2":"type-product","3":"status-publish","4":"has-post-thumbnail","6":"product_cat-gryder-premium","8":"first","9":"instock","10":"taxable","11":"shipping-taxable","12":"purchasable","13":"product-type-simple"},"_links":{"self":[{"href":"https:\/\/dorschhome.ca\/en\/wp-json\/wp\/v2\/product\/7749","targetHints":{"allow":["GET"]}}],"collection":[{"href":"https:\/\/dorschhome.ca\/en\/wp-json\/wp\/v2\/product"}],"about":[{"href":"https:\/\/dorschhome.ca\/en\/wp-json\/wp\/v2\/types\/product"}],"replies":[{"embeddable":true,"href":"https:\/\/dorschhome.ca\/en\/wp-json\/wp\/v2\/comments?post=7749"}],"wp:featuredmedia":[{"embeddable":true,"href":"https:\/\/dorschhome.ca\/en\/wp-json\/wp\/v2\/media\/7750"}],"wp:attachment":[{"href":"https:\/\/dorschhome.ca\/en\/wp-json\/wp\/v2\/media?parent=7749"}],"wp:term":[{"taxonomy":"product_brand","embeddable":true,"href":"https:\/\/dorschhome.ca\/en\/wp-json\/wp\/v2\/product_brand?post=7749"},{"taxonomy":"product_cat","embeddable":true,"href":"https:\/\/dorschhome.ca\/en\/wp-json\/wp\/v2\/product_cat?post=7749"},{"taxonomy":"product_tag","embeddable":true,"href":"https:\/\/dorschhome.ca\/en\/wp-json\/wp\/v2\/product_tag?post=7749"},{"taxonomy":"woo-feed-brand","embeddable":true,"href":"https:\/\/dorschhome.ca\/en\/wp-json\/wp\/v2\/woo-feed-brand?post=7749"}],"curies":[{"name":"wp","href":"https:\/\/api.w.org\/{rel}","templated":true}]}}