{"id":7704,"date":"2025-10-07T17:28:48","date_gmt":"2025-10-07T17:28:48","guid":{"rendered":"https:\/\/dorschhome.se\/?post_type=product&#038;p=7704"},"modified":"2026-03-31T18:23:21","modified_gmt":"2026-03-31T18:23:21","slug":"fry-pan-24-cm-lifetime","status":"publish","type":"product","link":"https:\/\/dorschhome.ca\/en\/vare\/fry-pan-24-cm-lifetime\/","title":{"rendered":"Fry Pan &#8211; 24 cm \u2013 Lifetime"},"content":{"rendered":"<p data-start=\"32\" data-end=\"462\">Lifetime pande p\u00e5 24 cm er fremstillet af trykst\u00f8bt aluminium med keramisk bel\u00e6gning, der giver en naturlig nonstick-effekt og j\u00e6vn varmefordeling. Den praktiske st\u00f8rrelse g\u00f8r den ideel til tilberedning af k\u00f8d, gr\u00f8ntsager eller \u00e6g. Velegnet til alle komfurtyper \u2013 ogs\u00e5 induktion. Fri for PFAS, PFOA og PFTE, hvilket g\u00f8r den til et sundt og sikkert valg i hverdagen. Vaskes op i h\u00e5nden for at sk\u00e5ne bel\u00e6gningen. T\u00e5ler ikke opvaskemaskine.<\/p>\n<p data-start=\"464\" data-end=\"490\">\n","protected":false},"excerpt":{"rendered":"<article class=\"text-token-text-primary w-full focus:outline-none scroll-mt-[calc(var(--header-height)+min(200px,max(70px,20svh)))]\" dir=\"auto\" tabindex=\"-1\" data-turn-id=\"request-68dfefc5-b2f8-832d-bdcd-f9b2e6015ea9-9\" data-testid=\"conversation-turn-32\" data-scroll-anchor=\"true\" data-turn=\"assistant\">\n<div class=\"text-base my-auto mx-auto pb-10 [--thread-content-margin:--spacing(4)] thread-sm:[--thread-content-margin:--spacing(6)] thread-lg:[--thread-content-margin:--spacing(16)] px-(--thread-content-margin)\">\n<div class=\"[--thread-content-max-width:40rem] thread-lg:[--thread-content-max-width:48rem] mx-auto max-w-(--thread-content-max-width) flex-1 group\/turn-messages focus-visible:outline-hidden relative flex w-full min-w-0 flex-col agent-turn\" tabindex=\"-1\">\n<div class=\"flex max-w-full flex-col grow\">\n<div class=\"min-h-8 text-message relative flex w-full flex-col items-end gap-2 text-start break-words whitespace-normal [.text-message+&amp;]:mt-5\" dir=\"auto\" data-message-author-role=\"assistant\" data-message-id=\"cc77c97e-eb08-43da-ab8e-11328be75c43\" data-message-model-slug=\"gpt-5\">\n<div class=\"flex w-full flex-col gap-1 empty:hidden first:pt-[1px]\">\n<div class=\"markdown prose dark:prose-invert w-full break-words dark markdown-new-styling\">\n<ul data-start=\"491\" data-end=\"708\" data-is-last-node=\"\" data-is-only-node=\"\">\n<li data-start=\"491\" data-end=\"517\">\n<p data-start=\"493\" data-end=\"517\">Fri for PFAS\/PFOA\/PFTE<\/p>\n<\/li>\n<li data-start=\"518\" data-end=\"564\">\n<p data-start=\"520\" data-end=\"564\">Trykst\u00f8bt aluminium med keramisk bel\u00e6gning<\/p>\n<\/li>\n<li data-start=\"565\" data-end=\"593\">\n<p data-start=\"567\" data-end=\"593\">Naturlig nonstick-effekt<\/p>\n<\/li>\n<li data-start=\"594\" data-end=\"617\">\n<p data-start=\"596\" data-end=\"617\">J\u00e6vn varmefordeling<\/p>\n<\/li>\n<li data-start=\"660\" data-end=\"708\" data-is-last-node=\"\">\n<p data-start=\"662\" data-end=\"708\" data-is-last-node=\"\">Velegnet til alle komfurtyper \u2013 ogs\u00e5 induktion<\/p>\n<\/li>\n<\/ul>\n<\/div>\n<\/div>\n<\/div>\n<\/div>\n<div class=\"z-0 flex min-h-[46px] justify-start\"><\/div>\n<div class=\"mt-3 w-full empty:hidden\">\n<div class=\"text-center\"><\/div>\n<\/div>\n<\/div>\n<\/div>\n<\/article>\n<div class=\"pointer-events-none h-px w-px\" aria-hidden=\"true\" data-edge=\"true\"><\/div>\n","protected":false},"featured_media":7705,"comment_status":"open","ping_status":"closed","template":"","meta":[],"product_brand":[],"product_cat":[504],"product_tag":[],"woo-feed-brand":[],"class_list":{"0":"post-7704","1":"product","2":"type-product","3":"status-publish","4":"has-post-thumbnail","6":"product_cat-frypan-pan-lifetime","8":"first","9":"instock","10":"taxable","11":"shipping-taxable","12":"purchasable","13":"product-type-simple"},"_links":{"self":[{"href":"https:\/\/dorschhome.ca\/en\/wp-json\/wp\/v2\/product\/7704","targetHints":{"allow":["GET"]}}],"collection":[{"href":"https:\/\/dorschhome.ca\/en\/wp-json\/wp\/v2\/product"}],"about":[{"href":"https:\/\/dorschhome.ca\/en\/wp-json\/wp\/v2\/types\/product"}],"replies":[{"embeddable":true,"href":"https:\/\/dorschhome.ca\/en\/wp-json\/wp\/v2\/comments?post=7704"}],"wp:featuredmedia":[{"embeddable":true,"href":"https:\/\/dorschhome.ca\/en\/wp-json\/wp\/v2\/media\/7705"}],"wp:attachment":[{"href":"https:\/\/dorschhome.ca\/en\/wp-json\/wp\/v2\/media?parent=7704"}],"wp:term":[{"taxonomy":"product_brand","embeddable":true,"href":"https:\/\/dorschhome.ca\/en\/wp-json\/wp\/v2\/product_brand?post=7704"},{"taxonomy":"product_cat","embeddable":true,"href":"https:\/\/dorschhome.ca\/en\/wp-json\/wp\/v2\/product_cat?post=7704"},{"taxonomy":"product_tag","embeddable":true,"href":"https:\/\/dorschhome.ca\/en\/wp-json\/wp\/v2\/product_tag?post=7704"},{"taxonomy":"woo-feed-brand","embeddable":true,"href":"https:\/\/dorschhome.ca\/en\/wp-json\/wp\/v2\/woo-feed-brand?post=7704"}],"curies":[{"name":"wp","href":"https:\/\/api.w.org\/{rel}","templated":true}]}}