{"id":7698,"date":"2025-10-07T17:14:56","date_gmt":"2025-10-07T17:14:56","guid":{"rendered":"https:\/\/dorschhome.se\/?post_type=product&#038;p=7698"},"modified":"2026-03-29T20:25:15","modified_gmt":"2026-03-29T20:25:15","slug":"lifetime-super-set-16-piece","status":"publish","type":"product","link":"https:\/\/dorschhome.ca\/en\/vare\/lifetime-super-set-16-piece\/","title":{"rendered":"Lifetime SUPER Set &#8211; 16 piece"},"content":{"rendered":"<p data-start=\"47\" data-end=\"555\">Lifetime SUPER S\u00e6t med 16 dele er det ultimative valg til dig, der \u00f8nsker et komplet og alsidigt k\u00f8kkens\u00e6t i h\u00f8j kvalitet. Fremstillet af trykst\u00f8bt aluminium med keramisk bel\u00e6gning, som giver en naturlig nonstick-effekt og j\u00e6vn varmefordeling. S\u00e6ttet indeholder alt, du beh\u00f8ver til b\u00e5de daglig madlavning og st\u00f8rre middage. Ovnfast op til 230\u00b0C (uden gummigreb og l\u00e5g) og velegnet til alle komfurtyper \u2013 ogs\u00e5 induktion. Fri for PFAS, PFOA og PFTE, s\u00e5 du kan lave mad sikkert og sundt. Vaskes op i h\u00e5nden for at sk\u00e5ne bel\u00e6gningen. T\u00e5ler ikke opvaskemaskine.<\/p>\n<p data-start=\"557\" data-end=\"583\">\n","protected":false},"excerpt":{"rendered":"<article class=\"text-token-text-primary w-full focus:outline-none scroll-mt-[calc(var(--header-height)+min(200px,max(70px,20svh)))]\" dir=\"auto\" tabindex=\"-1\" data-turn-id=\"request-68dfefc5-b2f8-832d-bdcd-f9b2e6015ea9-6\" data-testid=\"conversation-turn-26\" data-scroll-anchor=\"true\" data-turn=\"assistant\">\n<div class=\"text-base my-auto mx-auto pb-10 [--thread-content-margin:--spacing(4)] thread-sm:[--thread-content-margin:--spacing(6)] thread-lg:[--thread-content-margin:--spacing(16)] px-(--thread-content-margin)\">\n<div class=\"[--thread-content-max-width:40rem] thread-lg:[--thread-content-max-width:48rem] mx-auto max-w-(--thread-content-max-width) flex-1 group\/turn-messages focus-visible:outline-hidden relative flex w-full min-w-0 flex-col agent-turn\" tabindex=\"-1\">\n<div class=\"flex max-w-full flex-col grow\">\n<div class=\"min-h-8 text-message relative flex w-full flex-col items-end gap-2 text-start break-words whitespace-normal [.text-message+&amp;]:mt-5\" dir=\"auto\" data-message-author-role=\"assistant\" data-message-id=\"d8883806-50fc-4946-835a-9eb52132fbd1\" data-message-model-slug=\"gpt-5\">\n<div class=\"flex w-full flex-col gap-1 empty:hidden first:pt-[1px]\">\n<div class=\"markdown prose dark:prose-invert w-full break-words dark markdown-new-styling\">\n<ul data-start=\"584\" data-end=\"831\" data-is-last-node=\"\" data-is-only-node=\"\">\n<li data-start=\"584\" data-end=\"610\">\n<p data-start=\"586\" data-end=\"610\">Fri for PFAS\/PFOA\/PFTE<\/p>\n<\/li>\n<li data-start=\"611\" data-end=\"657\">\n<p data-start=\"613\" data-end=\"657\">Trykst\u00f8bt aluminium med keramisk bel\u00e6gning<\/p>\n<\/li>\n<li data-start=\"658\" data-end=\"686\">\n<p data-start=\"660\" data-end=\"686\">Naturlig nonstick-effekt<\/p>\n<\/li>\n<li data-start=\"687\" data-end=\"710\">\n<p data-start=\"689\" data-end=\"710\">J\u00e6vn varmefordeling<\/p>\n<\/li>\n<li data-start=\"711\" data-end=\"759\">\n<p data-start=\"713\" data-end=\"759\">Ovnfast op til 230\u00b0C (uden gummigreb og l\u00e5g)<\/p>\n<\/li>\n<li data-start=\"760\" data-end=\"810\">\n<p data-start=\"762\" data-end=\"810\">Velegnet til alle komfurtyper \u2013 ogs\u00e5 induktion<\/p>\n<\/li>\n<li data-start=\"811\" data-end=\"831\" data-is-last-node=\"\">\n<p data-start=\"813\" data-end=\"831\" data-is-last-node=\"\">Indeholder 16 dele<\/p>\n<\/li>\n<\/ul>\n<\/div>\n<\/div>\n<\/div>\n<\/div>\n<div class=\"z-0 flex min-h-[46px] justify-start\"><\/div>\n<div class=\"mt-3 w-full empty:hidden\">\n<div class=\"text-center\"><\/div>\n<\/div>\n<\/div>\n<\/div>\n<\/article>\n<div class=\"pointer-events-none h-px w-px\" aria-hidden=\"true\" data-edge=\"true\"><\/div>\n","protected":false},"featured_media":7699,"comment_status":"open","ping_status":"closed","template":"","meta":[],"product_brand":[],"product_cat":[499],"product_tag":[],"woo-feed-brand":[],"class_list":{"0":"post-7698","1":"product","2":"type-product","3":"status-publish","4":"has-post-thumbnail","6":"product_cat-set-casserole-lifetime","8":"first","9":"instock","10":"taxable","11":"shipping-taxable","12":"purchasable","13":"product-type-simple"},"_links":{"self":[{"href":"https:\/\/dorschhome.ca\/en\/wp-json\/wp\/v2\/product\/7698","targetHints":{"allow":["GET"]}}],"collection":[{"href":"https:\/\/dorschhome.ca\/en\/wp-json\/wp\/v2\/product"}],"about":[{"href":"https:\/\/dorschhome.ca\/en\/wp-json\/wp\/v2\/types\/product"}],"replies":[{"embeddable":true,"href":"https:\/\/dorschhome.ca\/en\/wp-json\/wp\/v2\/comments?post=7698"}],"wp:featuredmedia":[{"embeddable":true,"href":"https:\/\/dorschhome.ca\/en\/wp-json\/wp\/v2\/media\/7699"}],"wp:attachment":[{"href":"https:\/\/dorschhome.ca\/en\/wp-json\/wp\/v2\/media?parent=7698"}],"wp:term":[{"taxonomy":"product_brand","embeddable":true,"href":"https:\/\/dorschhome.ca\/en\/wp-json\/wp\/v2\/product_brand?post=7698"},{"taxonomy":"product_cat","embeddable":true,"href":"https:\/\/dorschhome.ca\/en\/wp-json\/wp\/v2\/product_cat?post=7698"},{"taxonomy":"product_tag","embeddable":true,"href":"https:\/\/dorschhome.ca\/en\/wp-json\/wp\/v2\/product_tag?post=7698"},{"taxonomy":"woo-feed-brand","embeddable":true,"href":"https:\/\/dorschhome.ca\/en\/wp-json\/wp\/v2\/woo-feed-brand?post=7698"}],"curies":[{"name":"wp","href":"https:\/\/api.w.org\/{rel}","templated":true}]}}