{"id":7505,"date":"2025-09-14T14:48:38","date_gmt":"2025-09-14T14:48:38","guid":{"rendered":"https:\/\/dorschhome.se\/?post_type=product&#038;p=7505"},"modified":"2026-03-29T20:18:51","modified_gmt":"2026-03-29T20:18:51","slug":"casserole-24-cm-4-l","status":"publish","type":"product","link":"https:\/\/dorschhome.ca\/en\/vare\/casserole-24-cm-4-l\/","title":{"rendered":"Casserole  24 cm\/4 L &#8211; Lifetime"},"content":{"rendered":"<p>Lifetime gryde p\u00e5 24 cm i trykst\u00f8bt aluminium med keramisk bel\u00e6gning tilbyder naturlig nonstick-effekt og kombinerer funktionalitet med holdbarhed. Den er ovnfast op til 230\u00b0C (uden gummigreb og l\u00e5g) og passer til alle komfurtyper \u2013 ogs\u00e5 induktion. Fri for PFOA, PFAS og PFTE hvilket g\u00f8r gryden til et sikkert og p\u00e5lideligt valg til alle hverdagsretter. Vaskes op i h\u00e5nden for at sk\u00e5ne bel\u00e6gningen. T\u00e5ler ikke opvaskemaskine.<\/p>\n<p>&nbsp;<\/p>\n","protected":false},"excerpt":{"rendered":"<ul>\n<li>Fri for PFOA, PFAS og PFTE<\/li>\n<li>Ovnfast op til 230\u00b0C (uden gummigreb og l\u00e5g)<\/li>\n<li data-start=\"137\" data-end=\"205\">Velegnet til alle komfurtyper \u2013 ogs\u00e5 induktion<\/li>\n<li>Godkendt af f\u00f8devarestyrelsen<\/li>\n<\/ul>\n","protected":false},"featured_media":7506,"comment_status":"open","ping_status":"closed","template":"","meta":[],"product_brand":[],"product_cat":[585],"product_tag":[],"woo-feed-brand":[],"class_list":{"0":"post-7505","1":"product","2":"type-product","3":"status-publish","4":"has-post-thumbnail","6":"product_cat-casserole-pot-lifetime","8":"first","9":"instock","10":"taxable","11":"shipping-taxable","12":"purchasable","13":"product-type-simple"},"_links":{"self":[{"href":"https:\/\/dorschhome.ca\/en\/wp-json\/wp\/v2\/product\/7505","targetHints":{"allow":["GET"]}}],"collection":[{"href":"https:\/\/dorschhome.ca\/en\/wp-json\/wp\/v2\/product"}],"about":[{"href":"https:\/\/dorschhome.ca\/en\/wp-json\/wp\/v2\/types\/product"}],"replies":[{"embeddable":true,"href":"https:\/\/dorschhome.ca\/en\/wp-json\/wp\/v2\/comments?post=7505"}],"wp:featuredmedia":[{"embeddable":true,"href":"https:\/\/dorschhome.ca\/en\/wp-json\/wp\/v2\/media\/7506"}],"wp:attachment":[{"href":"https:\/\/dorschhome.ca\/en\/wp-json\/wp\/v2\/media?parent=7505"}],"wp:term":[{"taxonomy":"product_brand","embeddable":true,"href":"https:\/\/dorschhome.ca\/en\/wp-json\/wp\/v2\/product_brand?post=7505"},{"taxonomy":"product_cat","embeddable":true,"href":"https:\/\/dorschhome.ca\/en\/wp-json\/wp\/v2\/product_cat?post=7505"},{"taxonomy":"product_tag","embeddable":true,"href":"https:\/\/dorschhome.ca\/en\/wp-json\/wp\/v2\/product_tag?post=7505"},{"taxonomy":"woo-feed-brand","embeddable":true,"href":"https:\/\/dorschhome.ca\/en\/wp-json\/wp\/v2\/woo-feed-brand?post=7505"}],"curies":[{"name":"wp","href":"https:\/\/api.w.org\/{rel}","templated":true}]}}