{"id":6762,"date":"2025-08-13T22:08:06","date_gmt":"2025-08-13T22:08:06","guid":{"rendered":"https:\/\/dorschhome.se\/?page_id=6762"},"modified":"2025-08-13T22:11:50","modified_gmt":"2025-08-13T22:11:50","slug":"dorsch-international","status":"publish","type":"page","link":"https:\/\/dorschhome.ca\/en\/dorsch-international\/","title":{"rendered":"Dorsch International"},"content":{"rendered":"\t\t<div data-elementor-type=\"wp-page\" data-elementor-id=\"6762\" class=\"elementor elementor-6762\">\n\t\t\t\t<div class=\"elementor-element elementor-element-783fe48 e-flex e-con-boxed e-con e-parent\" data-id=\"783fe48\" data-element_type=\"container\" data-e-type=\"container\">\r\n\t\t\t\t\t<div class=\"e-con-inner\">\r\n\t\t\t\t<div class=\"elementor-element elementor-element-b663f46 elementor-widget elementor-widget-porto_ultimate_heading\" data-id=\"b663f46\" data-element_type=\"widget\" data-e-type=\"widget\" data-widget_type=\"porto_ultimate_heading.default\">\n\t\t\t\t\t<div class=\"porto-u-heading  porto-u-55ca8359258f9a412be7e73af65d2aac\"><div class=\"porto-u-main-heading\"><h2   >Dorsch International<\/h2><\/div><style>.porto-u-55ca8359258f9a412be7e73af65d2aac.porto-u-heading{text-align:center}<\/style><\/div>\t\t\t\t<\/div>\n\t\t\t\t<div class=\"elementor-element elementor-element-07bc661 elementor-widget elementor-widget-text-editor\" data-id=\"07bc661\" data-element_type=\"widget\" data-e-type=\"widget\" data-widget_type=\"text-editor.default\">\n\t\t\t\t\t\t\t\t\t<p>\u00a0<\/p><table><tbody><tr><td width=\"278\"><p><strong>Denmark:<\/strong>\u00a0Scandi Engros ApS address:\u00a0<br \/>Bibliotekvej 60,\u00a02650 Hvidovre,<br \/>Denmark<br \/>City: Copenhagen<br \/>Phone: +45 31 67 00 55<br \/>CVR. 39510790<br \/>E-mail: info@dorschhome.dk<br \/>Website:\u00a0<a href=\"https:\/\/dorschhome.com\/\">https:\/\/dorschhome.dk<\/a><br \/><strong>DENMARK<\/strong><\/p><\/td><td width=\"367\"><p><strong>Turkey:\u00a0<\/strong>JMY EV E<em>\u015e<\/em>YELARI VE GENEL T\u0130C. LTD. \u015eT\u0130\u00a0<br \/>Address: Mahmutbey Mahallesi, 4. Yol Sk. No:59, 34218 Ba\u011fc\u0131lar<br \/>City: \u0130stanbul<br \/>Mobile: +90 0535 035 9105<br \/>Phone: +90 0212 659 8687<br \/>E-mail: info@dorschhome.com<\/p><p>Website:\u00a0<a href=\"https:\/\/dorschhome.com\/\">https:\/\/dorschhome.com<\/a><a href=\"https:\/\/dorschhome.com\/\"><br \/><\/a><strong>TURKEY<\/strong><\/p><\/td><\/tr><tr><td width=\"278\"><p><strong>Palestine:<\/strong>\u00a0Home Gourmet<br \/>Address: Derech Street, Near to Angel Hotel, Beit Jala, Palestine<br \/>City: Beit Jala<br \/>Phone: +972 522-383757<br \/>+972 598-063733\u00a0<br \/>Website:\u00a0<a href=\"https:\/\/dorschhome.com\/\">https:\/\/dorschhome.com<\/a><br \/><strong>PALESTINE<\/strong><\/p><\/td><td width=\"367\"><p><strong>Benelux Countries:\u00a0<\/strong>Fondamento Agencies BV<br \/>Address: Pieter Bernagiestraat 9, 3522 DA, Utrecht, The Netherlands.<br \/>Phone: +31 6 51 53 77 15<br \/>Email: info@dorschhome.nl<br \/>website:\u00a0<a href=\"https:\/\/dorschhome.dk\/\">www.dorschhome.nl<\/a><\/p><p><strong>BENELUX COUNTRIES<\/strong><\/p><\/td><\/tr><tr><td width=\"278\"><p><strong>Canada:<\/strong>\u00a0My perfect Kitchenware<br \/>City: Ontario<br \/>Phone: +16134226959<br \/>E-mail: info@dorschhome.ca<br \/>Website:\u00a0<a href=\"https:\/\/dorschhome.com\/\">https:\/\/dorschhome.ca<\/a><br \/><strong>CANADA<\/strong><\/p><\/td><td width=\"367\"><p><strong>Egypt:<\/strong>\u00a0Al-Aseel for import and export<br \/>Address: Sanadeed, Tanta Elgharbia<br \/>Phone: +201150001489\u00a0<br \/>Phone: +201091211144<br \/>Post code: 31751<\/p><p><strong>EGYPT<\/strong><\/p><\/td><\/tr><\/tbody><\/table>\t\t\t\t\t\t\t\t<\/div>\n\t\t\t\t\t<\/div>\n\t\t\t\t<\/div>\n\t\t\t\t<\/div>\n\t\t","protected":false},"excerpt":{"rendered":"<p>Dorsch International \u00a0 Denmark:\u00a0Scandi Engros ApS address:\u00a0Bibliotekvej 60,\u00a02650 Hvidovre,DenmarkCity: CopenhagenPhone: +45 31 67 00 55CVR. 39510790E-mail: info@dorschhome.dkWebsite:\u00a0https:\/\/dorschhome.dkDENMARK Turkey:\u00a0JMY EV E\u015eYELARI VE GENEL T\u0130C. LTD. \u015eT\u0130\u00a0Address: Mahmutbey Mahallesi, 4. Yol Sk. No:59, 34218 Ba\u011fc\u0131larCity: \u0130stanbulMobile: +90 0535 035 9105Phone: +90 0212 659 8687E-mail: info@dorschhome.com Website:\u00a0https:\/\/dorschhome.comTURKEY Palestine:\u00a0Home GourmetAddress: Derech Street, Near to Angel Hotel, Beit Jala, PalestineCity: [&hellip;]<\/p>\n","protected":false},"author":1,"featured_media":0,"parent":0,"menu_order":0,"comment_status":"closed","ping_status":"closed","template":"","meta":{"footnotes":""},"class_list":["post-6762","page","type-page","status-publish","hentry"],"_links":{"self":[{"href":"https:\/\/dorschhome.ca\/en\/wp-json\/wp\/v2\/pages\/6762","targetHints":{"allow":["GET"]}}],"collection":[{"href":"https:\/\/dorschhome.ca\/en\/wp-json\/wp\/v2\/pages"}],"about":[{"href":"https:\/\/dorschhome.ca\/en\/wp-json\/wp\/v2\/types\/page"}],"author":[{"embeddable":true,"href":"https:\/\/dorschhome.ca\/en\/wp-json\/wp\/v2\/users\/1"}],"replies":[{"embeddable":true,"href":"https:\/\/dorschhome.ca\/en\/wp-json\/wp\/v2\/comments?post=6762"}],"version-history":[{"count":4,"href":"https:\/\/dorschhome.ca\/en\/wp-json\/wp\/v2\/pages\/6762\/revisions"}],"predecessor-version":[{"id":6766,"href":"https:\/\/dorschhome.ca\/en\/wp-json\/wp\/v2\/pages\/6762\/revisions\/6766"}],"wp:attachment":[{"href":"https:\/\/dorschhome.ca\/en\/wp-json\/wp\/v2\/media?parent=6762"}],"curies":[{"name":"wp","href":"https:\/\/api.w.org\/{rel}","templated":true}]}}