{"id":6737,"date":"2025-08-13T20:20:37","date_gmt":"2025-08-13T20:20:37","guid":{"rendered":"https:\/\/dorschhome.se\/?page_id=6737"},"modified":"2025-08-13T20:20:37","modified_gmt":"2025-08-13T20:20:37","slug":"brugervejledning","status":"publish","type":"page","link":"https:\/\/dorschhome.ca\/en\/brugervejledning\/","title":{"rendered":"Brugervejledning"},"content":{"rendered":"<div class=\"wp-block-image\">\n<figure class=\"aligncenter is-resized\"><img decoding=\"async\" src=\"https:\/\/dorschhome.dk\/wp-content\/uploads\/2020\/06\/logo-Updated.png\" alt=\"Brugervejledning\" style=\"width:220px;height:auto\" title=\"Brugervejledning\"\/><\/figure>\n<\/div>\n\n\n<h2 class=\"wp-block-heading\">VEDLIGEHOLDELSES-OG BRUGSANVISNING AF KERAMISKE PRODUKTER<\/h2>\n\n\n\n<h3 class=\"wp-block-heading\">1.VARMEINDSTILLINGER<\/h3>\n\n\n\n<p>En meget vigtig detalje omkring keramisk bel\u00e6gning er at der ikke er behov for, at skrue helt op for varmen under tilberedning af maden. De bedste resultater opn\u00e5s ved tilberedning af maden ved en lavere varme end det man normalt kan v\u00e6re vant til med andet materiale. Overophedning sker hyppigst ved, at fedtstoffer bliver for varme. Hvis olien bliver for varm kan den br\u00e6nde fast ovenp\u00e5 non-stick bel\u00e6gningen. Bel\u00e6gningen kan af denne \u00e5rsag forringes hurtigere og slipeffekten vil reduceres. Hvis madvarer begynder at klistrer sig til bel\u00e6gningen, er det et tegn p\u00e5, at slipeffekten er blevet p\u00e5virket, fordi stegepanden er blevet overophedet. Dette er ikke en fejl ved produktet, men fremkommer ved brug af for h\u00f8j varme.<\/p>\n\n\n\n<h3 class=\"wp-block-heading\">2. BRUG AF FEDTSTOF<\/h3>\n\n\n\n<p>Vi anbefaler altid at bruge en smule fedtstof, hvis maden ikke i forvejen indeholder fedtstoffer.<\/p>\n\n\n\n<h3 class=\"wp-block-heading\">3. FORL\u00c6NG LEVETIDEN<\/h3>\n\n\n\n<p>For at opn\u00e5 en l\u00e6ngere levetid p\u00e5 gryder\/pander anbefales det, at man undg\u00e5r brug af metalredskaber eller skarpe genstande. Ved brug af dette risikere man at der forekommer sm\u00e5 nedsk\u00e6ringer i bel\u00e6gningen, hvor mad og olie kan s\u00e6tte sig fast med tiden. Tr\u00e6-, silikone-og nylonredskaber er alle materialer som vi anbefaler at benytte til den keramiske bel\u00e6gning for at opn\u00e5 de bedste resultater p\u00e5 l\u00e6ngere sigt.<\/p>\n\n\n\n<h3 class=\"wp-block-heading\">4. RENG\u00d8RING OG OPBEVARING<\/h3>\n\n\n\n<p>Det anbefales at man lader gryden\/panden afk \u00f8le helt inden vask, for at undg\u00e5 termisk st \u00f8d. Selvom man godt kan s\u00e6tte produkterne i opvaskemaskinen, anbefales det ikke. Ved brug af maskinopvask, kan der forekomme afsmitning fra bunden da maskinopvaskemidler angriber aluminium. Dette for\u00e5rsager misfarvninger p\u00e5 bel\u00e6gningen med tiden. Vi anbefaler at der opvaskes i h\u00e5nden med varmt s\u00e6bevand og en bl \u00f8d svamp for at sikre at interi \u00f8ret er pletfrit f \u00f8r opbevaring. Ved opbevaring anbefaler vi, at der benyttes beskyttelsesark mellem gryder og pander for at minimere slid.<\/p>\n","protected":false},"excerpt":{"rendered":"<p>VEDLIGEHOLDELSES-OG BRUGSANVISNING AF KERAMISKE PRODUKTER 1.VARMEINDSTILLINGER En meget vigtig detalje omkring keramisk bel\u00e6gning er at der ikke er behov for, at skrue helt op for varmen under tilberedning af maden. De bedste resultater opn\u00e5s ved tilberedning af maden ved en lavere varme end det man normalt kan v\u00e6re vant til med andet materiale. Overophedning sker [&hellip;]<\/p>\n","protected":false},"author":1,"featured_media":0,"parent":0,"menu_order":0,"comment_status":"closed","ping_status":"closed","template":"","meta":{"footnotes":""},"class_list":["post-6737","page","type-page","status-publish","hentry"],"_links":{"self":[{"href":"https:\/\/dorschhome.ca\/en\/wp-json\/wp\/v2\/pages\/6737","targetHints":{"allow":["GET"]}}],"collection":[{"href":"https:\/\/dorschhome.ca\/en\/wp-json\/wp\/v2\/pages"}],"about":[{"href":"https:\/\/dorschhome.ca\/en\/wp-json\/wp\/v2\/types\/page"}],"author":[{"embeddable":true,"href":"https:\/\/dorschhome.ca\/en\/wp-json\/wp\/v2\/users\/1"}],"replies":[{"embeddable":true,"href":"https:\/\/dorschhome.ca\/en\/wp-json\/wp\/v2\/comments?post=6737"}],"version-history":[{"count":1,"href":"https:\/\/dorschhome.ca\/en\/wp-json\/wp\/v2\/pages\/6737\/revisions"}],"predecessor-version":[{"id":6738,"href":"https:\/\/dorschhome.ca\/en\/wp-json\/wp\/v2\/pages\/6737\/revisions\/6738"}],"wp:attachment":[{"href":"https:\/\/dorschhome.ca\/en\/wp-json\/wp\/v2\/media?parent=6737"}],"curies":[{"name":"wp","href":"https:\/\/api.w.org\/{rel}","templated":true}]}}