{"id":6735,"date":"2025-08-13T20:18:10","date_gmt":"2025-08-13T20:18:10","guid":{"rendered":"https:\/\/dorschhome.se\/?page_id=6735"},"modified":"2025-08-13T20:18:10","modified_gmt":"2025-08-13T20:18:10","slug":"fortrydelsesret","status":"publish","type":"page","link":"https:\/\/dorschhome.ca\/en\/fortrydelsesret\/","title":{"rendered":"Fortrydelsesret"},"content":{"rendered":"\n<p><strong>Fortrydelsesret<\/strong><\/p>\n\n\n\n<p>Som forbruger har du 14 dages fortrydelsesret n\u00e5r du handler hos os. Det betyder, at du kan fortryde dit k\u00f8b i op til 14 dage efter, at du har modtaget varerne.<\/p>\n\n\n\n<p>Fortrydelsesfristen l\u00f8ber fra det tidspunkt, hvor du f\u00e5r varen i h\u00e6nde. Falder fortrydelsesfristens sidste dag i en weekend eller p\u00e5 en helligdag, udl\u00f8ber fristen den f\u00f8rstkommende hverdag.<\/p>\n\n\n\n<p>Ved fortrydelse af k\u00f8bet beder vi dig sende en e-mail til&nbsp;<a href=\"mailto:info@dorschhome.dk\">info@dorschhome.dk<\/a>&nbsp;eller kontakte os p\u00e5 telefon 53 56 65 53.<\/p>\n\n\n\n<p>Du er ikke forpligtet til at oplyse om \u00e5rsagen til, at fortrydelsesretten benyttes, men du skal g\u00f8re os tydeligt opm\u00e6rksom p\u00e5, at du \u00f8nsker at udnytte din fortrydelsesret.<\/p>\n\n\n\n<p>K\u00f8bet kan ikke fortrydes ved blot at undlade at modtage eller indl\u00f8se forsendelse, medmindre vi samtidig modtager meddelelse om benyttelse af fortrydelsesretten.<\/p>\n\n\n\n<p>Varen skal returneres senest 14 dage efter, at du har givet meddelelse om benyttelse af fortrydelsesretten. S\u00e5fremt du returnerer varen med posten, er det tilstr\u00e6kkeligt, at varen er overgivet til postv\u00e6snet senest 14 dage efter, at du har givet meddelelse om benyttelse af fortrydelsesretten.<\/p>\n\n\n\n<p>Bem\u00e6rk at returfragten skal d\u00e6kkes af kunden selv ved fortrydelsesager. Det er op til kunden, hvilken postfirma der bliver benyttet ved returnering af varen. Det er dog vigtigt at pakken kan spores via et Track&amp;Trace nummer.<\/p>\n\n\n\n<p>Pakken skal sendes retur til:<\/p>\n\n\n\n<p><strong>Scandi Engros ApS<\/strong><\/p>\n\n\n\n<p>Bibliotekvej 60,<br>2650 Hvidovre<\/p>\n\n\n\n<p><strong><br><u>Bem\u00e6rk!&nbsp;<\/u><\/strong>Vi modtager&nbsp;<strong>IKKE<\/strong>&nbsp;pakker sendt uden omdeling eller pakker sendt pr. efterkrav.<\/p>\n\n\n\n<p>Hvis du benytter din fortrydelsesret, refunderer vi alle betalinger modtaget fra dig, herunder leveringsomkostninger. Vi gennemf\u00f8rer en s\u00e5dan betaling med samme betalingsmiddel, som du benyttede ved den oprindelige transaktion.<\/p>\n\n\n\n<p>Bem\u00e6rk, at vi kan tilbageholde tilbagebetalingen, indtil vi har modtaget varerne retur medmindre du sender os dokumentation for at have returneret den.<\/p>\n\n\n\n<p><strong>Fortrydelse af en del af k\u00f8bet<\/strong><\/p>\n\n\n\n<p>Hvis du har k\u00f8bt flere varer hos os, har du mulighed for at sende \u00e9n eller flere varer retur, selvom de er k\u00f8bt i \u00e9n ordre. Bem\u00e6rk, at du ikke f\u00e5r fragtomkostningerne retur, hvis du fortryder en del af dit k\u00f8b.<\/p>\n\n\n\n<p><strong>Varens stand n\u00e5r den sendes retur<\/strong><\/p>\n\n\n\n<p>Manglende original emballage kan muligvis udg\u00f8re en v\u00e6rdiforringelse, s\u00e5 for at v\u00e6re sikker p\u00e5 at kunne modtage alle pengene retur, anbefales det, at varen returneres i original emballage. Du m\u00e5 ikke p\u00e5klistre m\u00e6rkater eller skrive direkte p\u00e5 producentens salgsemballage. Dette skal ske p\u00e5 fragtemballagen. Du h\u00e6fter for varens h\u00e6ndelige undergang og evt. skader opst\u00e5et i forbindelse med returneringen.<\/p>\n\n\n\n<p>Bem\u00e6rk, at du ved k\u00f8b af varer i webshoppen h\u00e6fter for en evt. forringelse af varens v\u00e6rdi, som skyldes anden h\u00e5ndtering, end hvad der er n\u00f8dvendigt for at fastsl\u00e5 varens art, egenskab, og hvordan den fungerer. Du kan med andre ord pr\u00f8ve varen p\u00e5 samme m\u00e5de, som hvis du pr\u00f8vede den i en fysisk butik, men du m\u00e5 ikke tage den i egentlig brug. Hvis varen er pr\u00f8vet udover hvad der er beskrevet ovenfor, betragtes den som brugt, hvilket betyder, at du ved fortrydelse af k\u00f8bet kun f\u00e5r en del eller intet af k\u00f8bsbel\u00f8bet retur, afh\u00e6ngig af varens handelsm\u00e6ssige v\u00e6rdi. Evt. v\u00e6rdiforringelse af varen vil blive fratrukket tilbagebetalingen. Varen pakkes forsvarligt ind, s\u00e5 den ikke kan komme til skade under transporten.<\/p>\n\n\n\n<p><strong><br>Ingen fortrydelsesret<\/strong><\/p>\n\n\n\n<p>Disse aftaler kan ikke fortrydes:<\/p>\n\n\n\n<p>Levering af forseglede varer, som af sundhedsbeskyttelses- eller hygiejnem\u00e6ssige \u00e5rsager ikke er egnede til at blive returneret, og hvor forseglingen er blevet brudt efter leveringen.<\/p>\n","protected":false},"excerpt":{"rendered":"<p>Fortrydelsesret Som forbruger har du 14 dages fortrydelsesret n\u00e5r du handler hos os. Det betyder, at du kan fortryde dit k\u00f8b i op til 14 dage efter, at du har modtaget varerne. Fortrydelsesfristen l\u00f8ber fra det tidspunkt, hvor du f\u00e5r varen i h\u00e6nde. Falder fortrydelsesfristens sidste dag i en weekend eller p\u00e5 en helligdag, udl\u00f8ber [&hellip;]<\/p>\n","protected":false},"author":1,"featured_media":0,"parent":0,"menu_order":0,"comment_status":"closed","ping_status":"closed","template":"","meta":{"footnotes":""},"class_list":["post-6735","page","type-page","status-publish","hentry"],"_links":{"self":[{"href":"https:\/\/dorschhome.ca\/en\/wp-json\/wp\/v2\/pages\/6735","targetHints":{"allow":["GET"]}}],"collection":[{"href":"https:\/\/dorschhome.ca\/en\/wp-json\/wp\/v2\/pages"}],"about":[{"href":"https:\/\/dorschhome.ca\/en\/wp-json\/wp\/v2\/types\/page"}],"author":[{"embeddable":true,"href":"https:\/\/dorschhome.ca\/en\/wp-json\/wp\/v2\/users\/1"}],"replies":[{"embeddable":true,"href":"https:\/\/dorschhome.ca\/en\/wp-json\/wp\/v2\/comments?post=6735"}],"version-history":[{"count":1,"href":"https:\/\/dorschhome.ca\/en\/wp-json\/wp\/v2\/pages\/6735\/revisions"}],"predecessor-version":[{"id":6736,"href":"https:\/\/dorschhome.ca\/en\/wp-json\/wp\/v2\/pages\/6735\/revisions\/6736"}],"wp:attachment":[{"href":"https:\/\/dorschhome.ca\/en\/wp-json\/wp\/v2\/media?parent=6735"}],"curies":[{"name":"wp","href":"https:\/\/api.w.org\/{rel}","templated":true}]}}