{"id":15,"date":"2024-11-27T00:46:26","date_gmt":"2024-11-27T00:46:26","guid":{"rendered":"http:\/\/sw-themes.com\/porto_dummy\/?page_id=15"},"modified":"2025-08-13T19:18:50","modified_gmt":"2025-08-13T19:18:50","slug":"om-os","status":"publish","type":"page","link":"https:\/\/dorschhome.ca\/en\/om-os\/","title":{"rendered":"Om Os"},"content":{"rendered":"\t\t<div data-elementor-type=\"wp-page\" data-elementor-id=\"15\" class=\"elementor elementor-15\">\n\t\t\t\t<div class=\"elementor-element elementor-element-0a65800 e-flex e-con-boxed e-con e-parent\" data-id=\"0a65800\" data-element_type=\"container\" data-e-type=\"container\">\r\n\t\t\t\t\t<div class=\"e-con-inner\">\r\n\t\t\t\t<div class=\"elementor-element elementor-element-c530071 elementor-widget elementor-widget-porto_ultimate_heading\" data-id=\"c530071\" data-element_type=\"widget\" data-e-type=\"widget\" data-widget_type=\"porto_ultimate_heading.default\">\n\t\t\t\t\t<div class=\"porto-u-heading  porto-u-55ca8359258f9a412be7e73af65d2aac\"><div class=\"porto-u-main-heading\"><h2    style=\"margin-bottom: 1.4rem;\">Velkommen<\/h2><\/div><div class=\"porto-u-sub-heading\" style=\"\"><p>Dorsch Home er en familieejet virksomhed som har haft succes igennem mange \u00e5r med at producere og leverer k\u00f8kkengrej til flere lande p\u00e5 verdensplan.<\/p><\/div><style>.porto-u-55ca8359258f9a412be7e73af65d2aac.porto-u-heading{text-align:center}<\/style><\/div>\t\t\t\t<\/div>\n\t\t\t\t\t<\/div>\n\t\t\t\t<\/div>\n\t\t<div class=\"elementor-element elementor-element-fb9de27 e-con-full e-flex e-con e-parent\" data-id=\"fb9de27\" data-element_type=\"container\" data-e-type=\"container\">\r\n\t\t<div class=\"elementor-element elementor-element-53871b3 e-con-full e-flex e-con e-child\" data-id=\"53871b3\" data-element_type=\"container\" data-e-type=\"container\">\r\n\t\t\t\t<div class=\"elementor-element elementor-element-ba308a6 elementor-hidden-tablet elementor-hidden-mobile elementor-widget elementor-widget-image\" data-id=\"ba308a6\" data-element_type=\"widget\" data-e-type=\"widget\" data-widget_type=\"image.default\">\n\t\t\t\t\t\t\t\t\t\t\t\t\t\t\t<img fetchpriority=\"high\" decoding=\"async\" width=\"736\" height=\"585\" src=\"https:\/\/dorschhome.ca\/wp-content\/uploads\/2025\/08\/Skaermbillede-2025-08-13-kl.-21.12.01.png\" class=\"attachment-full size-full wp-image-6726\" alt=\"\" srcset=\"https:\/\/dorschhome.ca\/wp-content\/uploads\/2025\/08\/Skaermbillede-2025-08-13-kl.-21.12.01.png 736w, https:\/\/dorschhome.ca\/wp-content\/uploads\/2025\/08\/Skaermbillede-2025-08-13-kl.-21.12.01-640x509.png 640w, https:\/\/dorschhome.ca\/wp-content\/uploads\/2025\/08\/Skaermbillede-2025-08-13-kl.-21.12.01-400x318.png 400w, https:\/\/dorschhome.ca\/wp-content\/uploads\/2025\/08\/Skaermbillede-2025-08-13-kl.-21.12.01-367x292.png 367w, https:\/\/dorschhome.ca\/wp-content\/uploads\/2025\/08\/Skaermbillede-2025-08-13-kl.-21.12.01-600x477.png 600w\" sizes=\"(max-width: 736px) 100vw, 736px\" \/>\t\t\t\t\t\t\t\t\t\t\t\t\t\t\t<\/div>\n\t\t<div class=\"elementor-element elementor-element-68f9e5f e-con-full e-flex e-con e-child\" data-id=\"68f9e5f\" data-element_type=\"container\" data-e-type=\"container\">\r\n\t\t\t\t<div class=\"elementor-element elementor-element-f248280 elementor-widget-mobile__width-inherit elementor-widget elementor-widget-image\" data-id=\"f248280\" data-element_type=\"widget\" data-e-type=\"widget\" data-widget_type=\"image.default\">\n\t\t\t\t\t\t\t\t\t\t\t\t\t\t\t<img decoding=\"async\" width=\"686\" height=\"628\" src=\"https:\/\/dorschhome.ca\/wp-content\/uploads\/2025\/08\/crepe-pan-post-dk.jpg\" class=\"attachment-full size-full wp-image-6721\" alt=\"\" srcset=\"https:\/\/dorschhome.ca\/wp-content\/uploads\/2025\/08\/crepe-pan-post-dk.jpg 686w, https:\/\/dorschhome.ca\/wp-content\/uploads\/2025\/08\/crepe-pan-post-dk-640x586.jpg 640w, https:\/\/dorschhome.ca\/wp-content\/uploads\/2025\/08\/crepe-pan-post-dk-400x366.jpg 400w, https:\/\/dorschhome.ca\/wp-content\/uploads\/2025\/08\/crepe-pan-post-dk-367x336.jpg 367w, https:\/\/dorschhome.ca\/wp-content\/uploads\/2025\/08\/crepe-pan-post-dk-600x549.jpg 600w\" sizes=\"(max-width: 686px) 100vw, 686px\" \/>\t\t\t\t\t\t\t\t\t\t\t\t\t\t\t<\/div>\n\t\t\t\t<div class=\"elementor-element elementor-element-dd683f4 elementor-absolute text-nowrap w-max-none e-transform e-transform elementor-widget elementor-widget-heading\" data-id=\"dd683f4\" data-element_type=\"widget\" data-e-type=\"widget\" data-settings=\"{&quot;_position&quot;:&quot;absolute&quot;,&quot;_transform_rotateZ_effect&quot;:{&quot;unit&quot;:&quot;px&quot;,&quot;size&quot;:-90,&quot;sizes&quot;:[]},&quot;_transform_translateX_effect&quot;:{&quot;unit&quot;:&quot;%&quot;,&quot;size&quot;:-50,&quot;sizes&quot;:[]},&quot;_transform_translateX_effect_tablet&quot;:{&quot;unit&quot;:&quot;%&quot;,&quot;size&quot;:&quot;&quot;,&quot;sizes&quot;:[]},&quot;_transform_translateX_effect_mobile&quot;:{&quot;unit&quot;:&quot;%&quot;,&quot;size&quot;:&quot;&quot;,&quot;sizes&quot;:[]},&quot;_transform_translateY_effect&quot;:{&quot;unit&quot;:&quot;%&quot;,&quot;size&quot;:&quot;&quot;,&quot;sizes&quot;:[]},&quot;_transform_translateY_effect_tablet&quot;:{&quot;unit&quot;:&quot;%&quot;,&quot;size&quot;:&quot;&quot;,&quot;sizes&quot;:[]},&quot;_transform_translateY_effect_mobile&quot;:{&quot;unit&quot;:&quot;%&quot;,&quot;size&quot;:0,&quot;sizes&quot;:[]},&quot;_transform_rotateZ_effect_tablet&quot;:{&quot;unit&quot;:&quot;deg&quot;,&quot;size&quot;:&quot;&quot;,&quot;sizes&quot;:[]},&quot;_transform_rotateZ_effect_mobile&quot;:{&quot;unit&quot;:&quot;deg&quot;,&quot;size&quot;:&quot;&quot;,&quot;sizes&quot;:[]}}\" data-widget_type=\"heading.default\">\n\t\t\t\t\t<div class=\"elementor-heading-title elementor-size-default\">Din k\u00f8kkenpartner<\/div>\t\t\t\t<\/div>\n\t\t\t\t<\/div>\n\t\t\t\t<\/div>\n\t\t<div class=\"elementor-element elementor-element-8cffb78 e-con-full e-flex e-con e-child\" data-id=\"8cffb78\" data-element_type=\"container\" data-e-type=\"container\">\r\n\t\t\t\t<div class=\"elementor-element elementor-element-5e0e4d7 elementor-widget elementor-widget-porto_ultimate_heading\" data-id=\"5e0e4d7\" data-element_type=\"widget\" data-e-type=\"widget\" data-widget_type=\"porto_ultimate_heading.default\">\n\t\t\t\t\t<div class=\"porto-u-heading  porto-u-ad87e2eaf3f9c495180fe0156ddf3eb0\"><div class=\"porto-u-main-heading\"><h2    style=\"margin-bottom: 0.4em;\">Vision<\/h2><\/div><div class=\"porto-u-sub-heading\" style=\"\"><p>Vi \u00f8nsker at v\u00e6re den f\u00f8rende udbyder af k\u00f8kkengrej med fokus p\u00e5 sundhed, b\u00e6redygtighed og milj\u00f8.<\/p><\/div><style>.porto-u-ad87e2eaf3f9c495180fe0156ddf3eb0.porto-u-heading{text-align:left}<\/style><\/div>\t\t\t\t<\/div>\n\t\t\t\t<div class=\"elementor-element elementor-element-fbaad09 elementor-widget elementor-widget-porto_ultimate_heading\" data-id=\"fbaad09\" data-element_type=\"widget\" data-e-type=\"widget\" data-widget_type=\"porto_ultimate_heading.default\">\n\t\t\t\t\t<div class=\"porto-u-heading  porto-u-ad87e2eaf3f9c495180fe0156ddf3eb0\"><div class=\"porto-u-main-heading\"><h2    style=\"margin-bottom: 0.4em;\">Mission<\/h2><\/div><div class=\"porto-u-sub-heading\" style=\"\"><p>Vores mission er at give vores kunder innovativt k\u00f8kkengrej, der g\u00f8r det let at tilberede velsmagende og sunde m\u00e5ltider, og forvandle madlavningen til en ren oplevelse.<\/p><\/div><style>.porto-u-ad87e2eaf3f9c495180fe0156ddf3eb0.porto-u-heading{text-align:left}<\/style><\/div>\t\t\t\t<\/div>\n\t\t\t\t<\/div>\n\t\t\t\t<\/div>\n\t\t<div class=\"elementor-element elementor-element-c0845d9 e-flex e-con-boxed e-con e-parent\" data-id=\"c0845d9\" data-element_type=\"container\" data-e-type=\"container\" data-settings=\"{&quot;background_background&quot;:&quot;classic&quot;}\">\r\n\t\t\t\t\t<div class=\"e-con-inner\">\r\n\t\t\t\t<div class=\"elementor-element elementor-element-e15342c elementor-widget elementor-widget-porto_ultimate_heading\" data-id=\"e15342c\" data-element_type=\"widget\" data-e-type=\"widget\" data-widget_type=\"porto_ultimate_heading.default\">\n\t\t\t\t\t<div class=\"porto-u-heading  porto-u-55ca8359258f9a412be7e73af65d2aac\"><div class=\"porto-u-main-heading\"><h2    style=\"margin-bottom: 2rem;\">Vores Historie<\/h2><\/div><div class=\"porto-u-sub-heading\" style=\"\"><p data-start=\"77\" data-end=\"398\">Dorsch blev grundlagt i 2013 med en klar vision: at skabe k\u00f8kkengrej, der kombinerer elegant design, robuste og b\u00e6redygtige materialer samt milj\u00f8venlige l\u00f8sninger \u2013 alt sammen til priser, hvor alle kan v\u00e6re med. Fra begyndelsen har vores m\u00e5l v\u00e6ret enkelt: at skabe v\u00e6rdi i k\u00f8kkenet og g\u00f8re madlavning til en forn\u00f8jelse.<\/p><p data-start=\"400\" data-end=\"909\">Vi ved, at sundhed i dag betyder mere end nogensinde. Derfor er det altid vores h\u00f8jeste prioritet, n\u00e5r vi udvikler nye produkter. Vores gryder og pander er helt fri for skadelige PFAS-stoffer \u2013 herunder PFAS, PFOA, PFOS og Teflon \u2013 s\u00e5 du kan lave mad med ro i sindet. Hos Dorsch skal du v\u00e6re sikker p\u00e5, at du v\u00e6lger k\u00f8kkengrej med omtanke \u2013 b\u00e5de for dig selv, din familie og milj\u00f8et. Da vi bruger vores k\u00f8kkenudstyr hver eneste dag, arbejder vi m\u00e5lrettet for at skabe l\u00f8sninger, der g\u00f8r hverdagen mere b\u00e6redygtig.<\/p><p data-start=\"911\" data-end=\"1132\">N\u00e5r vi designer og udvikler, t\u00e6nker vi p\u00e5 helheden: innovation, funktionalitet og \u00e6stetik. Resultatet er unikke produkter, fremstillet af de bedste materialer og med respekt for de h\u00f8je danske og tyske sikkerhedsstandarder (TUV og LFGB).<\/p><p data-start=\"1134\" data-end=\"1469\">I dag er Dorsch s\u00e6rligt kendt for vores popul\u00e6re gryder og pander i trykst\u00f8bt aluminium med keramisk bel\u00e6gning i h\u00f8j kvalitet \u2013 altid til konkurrencedygtige priser. Vores sortiment sp\u00e6nder bredt: el-apparater, trykkogere, bageartikler, knive, bestik, k\u00f8kkenredskaber og meget mere\u2013 alt det, du beh\u00f8ver for at skabe madgl\u00e6de og en sundere livsstil i dit hjem.<\/p><\/div><style>.porto-u-55ca8359258f9a412be7e73af65d2aac.porto-u-heading{text-align:center}<\/style><\/div>\t\t\t\t<\/div>\n\t\t\t\t<div class=\"elementor-element elementor-element-b62da05 elementor-widget elementor-widget-porto_info_box\" data-id=\"b62da05\" data-element_type=\"widget\" data-e-type=\"widget\" data-widget_type=\"porto_info_box.default\">\n\t\t\t\t\t<div class=\"porto-sicon-box style_1 top-icon\"><div class=\"porto-sicon-top\"><div class=\"porto-just-icon-wrapper porto-sicon-img  porto-icon-d751713988987e9331980363e24189ce\" style=\"\"><img decoding=\"async\" class=\"img-icon\" alt=\"\" src=\"https:\/\/dorschhome.ca\/wp-content\/uploads\/2024\/12\/slider-3d-done-5.jpg\" width=\"2100\" height=\"650\" \/><\/div><\/div><div class=\"porto-sicon-header\"><h3 class=\"porto-sicon-title\" style=\"\">Dit k\u00f8kken, din gl\u00e6de, vores passion<\/h3><p >Dorsch \u2013 Din K\u00f8kkenpartner<\/p><\/div> <!-- header --><\/div><!-- porto-sicon-box -->\t\t\t\t<\/div>\n\t\t\t\t\t<\/div>\n\t\t\t\t<\/div>\n\t\t\t\t<\/div>\n\t\t","protected":false},"excerpt":{"rendered":"<p>Velkommen Dorsch Home er en familieejet virksomhed som har haft succes igennem mange \u00e5r med at producere og leverer k\u00f8kkengrej til flere lande p\u00e5 verdensplan. Din k\u00f8kkenpartner Vision Vi \u00f8nsker at v\u00e6re den f\u00f8rende udbyder af k\u00f8kkengrej med fokus p\u00e5 sundhed, b\u00e6redygtighed og milj\u00f8. Mission Vores mission er at give vores kunder innovativt k\u00f8kkengrej, der [&hellip;]<\/p>\n","protected":false},"author":1,"featured_media":0,"parent":0,"menu_order":0,"comment_status":"closed","ping_status":"closed","template":"","meta":{"footnotes":""},"class_list":["post-15","page","type-page","status-publish","hentry"],"_links":{"self":[{"href":"https:\/\/dorschhome.ca\/en\/wp-json\/wp\/v2\/pages\/15","targetHints":{"allow":["GET"]}}],"collection":[{"href":"https:\/\/dorschhome.ca\/en\/wp-json\/wp\/v2\/pages"}],"about":[{"href":"https:\/\/dorschhome.ca\/en\/wp-json\/wp\/v2\/types\/page"}],"author":[{"embeddable":true,"href":"https:\/\/dorschhome.ca\/en\/wp-json\/wp\/v2\/users\/1"}],"replies":[{"embeddable":true,"href":"https:\/\/dorschhome.ca\/en\/wp-json\/wp\/v2\/comments?post=15"}],"version-history":[{"count":4,"href":"https:\/\/dorschhome.ca\/en\/wp-json\/wp\/v2\/pages\/15\/revisions"}],"predecessor-version":[{"id":6730,"href":"https:\/\/dorschhome.ca\/en\/wp-json\/wp\/v2\/pages\/15\/revisions\/6730"}],"wp:attachment":[{"href":"https:\/\/dorschhome.ca\/en\/wp-json\/wp\/v2\/media?parent=15"}],"curies":[{"name":"wp","href":"https:\/\/api.w.org\/{rel}","templated":true}]}}